{"id":481,"date":"2022-12-15T04:07:47","date_gmt":"2022-12-15T04:07:47","guid":{"rendered":"https:\/\/winartlogistics.com\/?page_id=481"},"modified":"2026-05-08T10:00:03","modified_gmt":"2026-05-08T10:00:03","slug":"contact","status":"publish","type":"page","link":"https:\/\/winartlogistics.com\/vi\/contact\/","title":{"rendered":"Contact"},"content":{"rendered":"<section class=\"section\" id=\"section_1201741478\">\n\t\t<div class=\"bg section-bg fill bg-fill  bg-loaded\" >\n\n\t\t\t\n\t\t\t\n\t\t\t\n\n\t\t<\/div>\n\n\t\t\n\n\t\t<div class=\"section-content relative\">\n\t\t\t\n\n\n\t\t<\/div>\n\n\t\t\n<style>\n#section_1201741478 {\n  padding-top: 0px;\n  padding-bottom: 0px;\n}\n#section_1201741478 .ux-shape-divider--top svg {\n  height: 150px;\n  --divider-top-width: 100%;\n}\n#section_1201741478 .ux-shape-divider--bottom svg {\n  height: 150px;\n  --divider-width: 100%;\n}\n<\/style>\n\t<\/section>\n\t\n\t<section class=\"section\" id=\"section_281004676\">\n\t\t<div class=\"bg section-bg fill bg-fill  bg-loaded\" >\n\n\t\t\t\n\t\t\t\n\t\t\t\n\n\t\t<\/div>\n\n\t\t\n\n\t\t<div class=\"section-content relative\">\n\t\t\t\n\n<div class=\"row row-small\"  id=\"row-1184914440\">\n\n\n\t<div id=\"col-449341648\" class=\"col medium-6 small-12 large-6\"  >\n\t\t\t\t<div class=\"col-inner\"  >\n\t\t\t\n\t\t\t\n\n<p><iframe src=\"https:\/\/www.google.com\/maps\/embed?pb=!1m18!1m12!1m3!1d979.963073367316!2d106.70112272922943!3d10.745865017108411!2m3!1f0!2f0!3f0!3m2!1i1024!2i768!4f13.1!3m3!1m2!1s0x31752fa6197b32cf%3A0xaa5e727cb53213d4!2sSunrise%20City%20View!5e0!3m2!1svi!2s!4v1671077628192!5m2!1svi!2s\" width=\"600\" height=\"450\" style=\"border:0;\" allowfullscreen=\"\" loading=\"lazy\" referrerpolicy=\"no-referrer-when-downgrade\"><\/iframe><\/p>\n\n\t\t<\/div>\n\t\t\t\t\t<\/div>\n\n\t\n\n\t<div id=\"col-848949461\" class=\"col medium-6 small-12 large-6\"  >\n\t\t\t\t<div class=\"col-inner\"  >\n\t\t\t\n\t\t\t\n\n<div class=\"container section-title-container\" ><h4 class=\"section-title section-title-normal\"><b><\/b><span class=\"section-title-main\" >V\u0102N PH\u00d2NG L\u00c0M VI\u1ec6C<\/span><b><\/b><\/h4><\/div>\n\n<h2><strong>C\u00d4NG TY TNHH WIN ART LOGISTICS<\/strong><\/h2>\n<p>TO\u00c0 NH\u00c0 SUNRISE CITY VIEW<\/p>\n<ul>\n<li>B21-09, Block B, 33 Nguy\u1ec5n H\u1eefu Th\u1ecd,<br \/>Ph\u01b0\u1eddng T\u00e2n H\u01b0ng, Th\u00e0nh ph\u1ed1 H\u1ed3 Ch\u00ed Minh, Vi\u1ec7t Nam<\/li>\n<li>\u0110i\u1ec7n tho\u1ea1i: <a href=\"tel:+842835359959\">+84 28 3535 9959<\/a><\/li>\n<li>Email: <a href=\"mailto:info@winartlogistics.com\">info@winartlogistics.com<\/a><\/li>\n<li>Home: <a href=\"https:\/\/winartlogistics.com\/vi\/\">www.winartlogistics.com<\/a><\/li>\n<\/ul>\n\n\t\t<\/div>\n\t\t\t\t\t<\/div>\n\n\t\n\n<\/div>\n<div class=\"row row-small\"  id=\"row-2035134283\">\n\n\n\t<div id=\"col-199545133\" class=\"col medium-6 small-12 large-6\"  >\n\t\t\t\t<div class=\"col-inner\"  >\n\t\t\t\n\t\t\t\n\n<div class=\"container section-title-container\" ><h4 class=\"section-title section-title-normal\"><b><\/b><span class=\"section-title-main\" >TR\u1ee4 S\u1ede CH\u00cdNH<\/span><b><\/b><\/h4><\/div>\n\n<h2><strong>C\u00d4NG TY TNHH WIN ART LOGISTICS<\/strong><\/h2>\n<ul>\n<li>242\/7\/22 \u0110\u01af\u1edcNG NGUY\u1ec4N THI\u1ec6N THU\u1eacT<br \/>\nPH\u01af\u1edcNG B\u00c0N C\u1edc, TH\u00c0NH PH\u1ed0 H\u1ed2 CH\u00cd MINH, VI\u1ec6T NAM\n<\/li>\n<\/ul>\n\n\n\t\t<\/div>\n\t\t\t\t\t<\/div>\n\n\t\n\n\t<div id=\"col-1444085495\" class=\"col medium-6 small-12 large-6\"  >\n\t\t\t\t<div class=\"col-inner\"  >\n\t\t\t\n\t\t\t\n\n<p><iframe src=\"https:\/\/www.google.com\/maps\/embed?pb=!1m18!1m12!1m3!1d3919.539906617103!2d106.67558887464118!3d10.769898289378476!2m3!1f0!2f0!3f0!3m2!1i1024!2i768!4f13.1!3m3!1m2!1s0x31752f2038ae2189%3A0x5846324ccb5fe25a!2zMjQyLzcvMjIgxJAuIE5ndXnhu4VuIFRoaeG7h24gVGh14bqtdCwgQsOgbiBD4budLCBI4buTIENow60gTWluaCwgVmlldG5hbQ!5e0!3m2!1sen!2s!4v1778234324143!5m2!1sen!2s\" width=\"600\" height=\"450\" style=\"border:0;\" allowfullscreen=\"\" loading=\"lazy\" referrerpolicy=\"no-referrer-when-downgrade\"><\/iframe><\/p>\n\n\n\t\t<\/div>\n\t\t\t\t\t<\/div>\n\n\t\n\n<\/div>\n\n\t\t<\/div>\n\n\t\t\n<style>\n#section_281004676 {\n  padding-top: 30px;\n  padding-bottom: 30px;\n}\n#section_281004676 .ux-shape-divider--top svg {\n  height: 150px;\n  --divider-top-width: 100%;\n}\n#section_281004676 .ux-shape-divider--bottom svg {\n  height: 150px;\n  --divider-width: 100%;\n}\n<\/style>\n\t<\/section>","protected":false},"excerpt":{"rendered":"","protected":false},"author":1,"featured_media":0,"parent":0,"menu_order":0,"comment_status":"closed","ping_status":"closed","template":"page-blank.php","meta":{"footnotes":""},"class_list":["post-481","page","type-page","status-publish","hentry"],"yoast_head":"<!-- This site is optimized with the Yoast SEO plugin v19.11 - https:\/\/yoast.com\/wordpress\/plugins\/seo\/ -->\n<title>Contact - Win Art Logictics<\/title>\n<meta name=\"robots\" content=\"index, follow, max-snippet:-1, max-image-preview:large, max-video-preview:-1\" \/>\n<link rel=\"canonical\" href=\"https:\/\/winartlogistics.com\/vi\/contact\/\" \/>\n<meta property=\"og:locale\" content=\"vi_VN\" \/>\n<meta property=\"og:type\" content=\"article\" \/>\n<meta property=\"og:title\" content=\"Contact - Win Art Logictics\" \/>\n<meta property=\"og:url\" content=\"https:\/\/winartlogistics.com\/vi\/contact\/\" \/>\n<meta property=\"og:site_name\" content=\"Win Art Logictics\" \/>\n<meta property=\"article:modified_time\" content=\"2026-05-08T10:00:03+00:00\" \/>\n<meta name=\"twitter:card\" content=\"summary_large_image\" \/>\n<script type=\"application\/ld+json\" class=\"yoast-schema-graph\">{\"@context\":\"https:\/\/schema.org\",\"@graph\":[{\"@type\":\"WebPage\",\"@id\":\"https:\/\/winartlogistics.com\/contact\/\",\"url\":\"https:\/\/winartlogistics.com\/contact\/\",\"name\":\"Contact - Win Art Logictics\",\"isPartOf\":{\"@id\":\"https:\/\/winartlogistics.com\/#website\"},\"datePublished\":\"2022-12-15T04:07:47+00:00\",\"dateModified\":\"2026-05-08T10:00:03+00:00\",\"breadcrumb\":{\"@id\":\"https:\/\/winartlogistics.com\/contact\/#breadcrumb\"},\"inLanguage\":\"vi\",\"potentialAction\":[{\"@type\":\"ReadAction\",\"target\":[\"https:\/\/winartlogistics.com\/contact\/\"]}]},{\"@type\":\"BreadcrumbList\",\"@id\":\"https:\/\/winartlogistics.com\/contact\/#breadcrumb\",\"itemListElement\":[{\"@type\":\"ListItem\",\"position\":1,\"name\":\"Home\",\"item\":\"https:\/\/winartlogistics.com\/\"},{\"@type\":\"ListItem\",\"position\":2,\"name\":\"Contact\"}]},{\"@type\":\"WebSite\",\"@id\":\"https:\/\/winartlogistics.com\/#website\",\"url\":\"https:\/\/winartlogistics.com\/\",\"name\":\"Win Art Logictics\",\"description\":\"\",\"potentialAction\":[{\"@type\":\"SearchAction\",\"target\":{\"@type\":\"EntryPoint\",\"urlTemplate\":\"https:\/\/winartlogistics.com\/?s={search_term_string}\"},\"query-input\":\"required name=search_term_string\"}],\"inLanguage\":\"vi\"}]}<\/script>\n<!-- \/ Yoast SEO plugin. -->","yoast_head_json":{"title":"Contact - Win Art Logictics","robots":{"index":"index","follow":"follow","max-snippet":"max-snippet:-1","max-image-preview":"max-image-preview:large","max-video-preview":"max-video-preview:-1"},"canonical":"https:\/\/winartlogistics.com\/vi\/contact\/","og_locale":"vi_VN","og_type":"article","og_title":"Contact - Win Art Logictics","og_url":"https:\/\/winartlogistics.com\/vi\/contact\/","og_site_name":"Win Art Logictics","article_modified_time":"2026-05-08T10:00:03+00:00","twitter_card":"summary_large_image","schema":{"@context":"https:\/\/schema.org","@graph":[{"@type":"WebPage","@id":"https:\/\/winartlogistics.com\/contact\/","url":"https:\/\/winartlogistics.com\/contact\/","name":"Contact - Win Art Logictics","isPartOf":{"@id":"https:\/\/winartlogistics.com\/#website"},"datePublished":"2022-12-15T04:07:47+00:00","dateModified":"2026-05-08T10:00:03+00:00","breadcrumb":{"@id":"https:\/\/winartlogistics.com\/contact\/#breadcrumb"},"inLanguage":"vi","potentialAction":[{"@type":"ReadAction","target":["https:\/\/winartlogistics.com\/contact\/"]}]},{"@type":"BreadcrumbList","@id":"https:\/\/winartlogistics.com\/contact\/#breadcrumb","itemListElement":[{"@type":"ListItem","position":1,"name":"Home","item":"https:\/\/winartlogistics.com\/"},{"@type":"ListItem","position":2,"name":"Contact"}]},{"@type":"WebSite","@id":"https:\/\/winartlogistics.com\/#website","url":"https:\/\/winartlogistics.com\/","name":"Win Art Logictics","description":"","potentialAction":[{"@type":"SearchAction","target":{"@type":"EntryPoint","urlTemplate":"https:\/\/winartlogistics.com\/?s={search_term_string}"},"query-input":"required name=search_term_string"}],"inLanguage":"vi"}]}},"_links":{"self":[{"href":"https:\/\/winartlogistics.com\/vi\/wp-json\/wp\/v2\/pages\/481"}],"collection":[{"href":"https:\/\/winartlogistics.com\/vi\/wp-json\/wp\/v2\/pages"}],"about":[{"href":"https:\/\/winartlogistics.com\/vi\/wp-json\/wp\/v2\/types\/page"}],"author":[{"embeddable":true,"href":"https:\/\/winartlogistics.com\/vi\/wp-json\/wp\/v2\/users\/1"}],"replies":[{"embeddable":true,"href":"https:\/\/winartlogistics.com\/vi\/wp-json\/wp\/v2\/comments?post=481"}],"version-history":[{"count":11,"href":"https:\/\/winartlogistics.com\/vi\/wp-json\/wp\/v2\/pages\/481\/revisions"}],"predecessor-version":[{"id":1056,"href":"https:\/\/winartlogistics.com\/vi\/wp-json\/wp\/v2\/pages\/481\/revisions\/1056"}],"wp:attachment":[{"href":"https:\/\/winartlogistics.com\/vi\/wp-json\/wp\/v2\/media?parent=481"}],"curies":[{"name":"wp","href":"https:\/\/api.w.org\/{rel}","templated":true}]}}