{"id":278,"date":"2022-12-11T17:08:53","date_gmt":"2022-12-11T17:08:53","guid":{"rendered":"https:\/\/winartlogistics.com\/?page_id=278"},"modified":"2023-05-07T09:12:50","modified_gmt":"2023-05-07T09:12:50","slug":"truck-services","status":"publish","type":"page","link":"https:\/\/winartlogistics.com\/vi\/truck-services\/","title":{"rendered":"D\u1ecbch V\u1ee5 V\u1eadn T\u1ea3i N\u1ed9i \u0110\u1ecba"},"content":{"rendered":"<section class=\"section\" id=\"section_1200549610\">\n\t\t<div class=\"bg section-bg fill bg-fill  bg-loaded\" >\n\n\t\t\t\n\t\t\t\n\t\t\t\n\n\t\t<\/div>\n\n\t\t\n\n\t\t<div class=\"section-content relative\">\n\t\t\t\n\n\t<div class=\"img has-hover x md-x lg-x y md-y lg-y\" id=\"image_834618932\">\n\t\t\t\t\t\t\t\t<div class=\"img-inner image-cover dark\" style=\"padding-top:56.25%;\">\n\t\t\t<img loading=\"lazy\" decoding=\"async\" width=\"1920\" height=\"1080\" src=\"https:\/\/winartlogistics.com\/wp-content\/uploads\/2023\/04\/winart_truck_service.jpg\" class=\"attachment-original size-original\" alt=\"\" srcset=\"https:\/\/winartlogistics.com\/wp-content\/uploads\/2023\/04\/winart_truck_service.jpg 1920w, https:\/\/winartlogistics.com\/wp-content\/uploads\/2023\/04\/winart_truck_service-300x169.jpg 300w, https:\/\/winartlogistics.com\/wp-content\/uploads\/2023\/04\/winart_truck_service-1024x576.jpg 1024w, https:\/\/winartlogistics.com\/wp-content\/uploads\/2023\/04\/winart_truck_service-768x432.jpg 768w, https:\/\/winartlogistics.com\/wp-content\/uploads\/2023\/04\/winart_truck_service-1536x864.jpg 1536w, https:\/\/winartlogistics.com\/wp-content\/uploads\/2023\/04\/winart_truck_service-18x10.jpg 18w, https:\/\/winartlogistics.com\/wp-content\/uploads\/2023\/04\/winart_truck_service-600x338.jpg 600w\" sizes=\"(max-width: 1920px) 100vw, 1920px\" \/>\t\t\t\t\t\t\n\t\t\t\t\t<\/div>\n\t\t\t\t\t\t\t\t\n<style>\n#image_834618932 {\n  width: 100%;\n}\n<\/style>\n\t<\/div>\n\t\n\n<div class=\"row\"  id=\"row-1812295207\">\n\n\n\t<div id=\"col-926562069\" class=\"col small-12 large-12\"  >\n\t\t\t\t<div class=\"col-inner\"  >\n\t\t\t\n\t\t\t\n\n  <div id=\"page-header-794012386\" class=\"page-header-wrapper\">\n  <div class=\"page-title light simple-title\">\n\n    \n    <div class=\"page-title-inner container align-center text-center flex-row-col medium-flex-wrap\" >\n              <div class=\"title-wrapper flex-col\">\n          <h1 class=\"entry-title mb-0\">\n            D\u1ecbch V\u1ee5 V\u1eadn T\u1ea3i N\u1ed9i \u0110\u1ecba          <\/h1>\n        <\/div>\n                    <div class=\"title-content flex-col\">\n        <div class=\"title-breadcrumbs pb-half pt-half\"><nav class=\"woocommerce-breadcrumb breadcrumbs uppercase\" data-no-translation=\"\" data-trp-gettext=\"\">Trang ch\u1ee7<\/nav><\/div>      <\/div>\n    <\/div>\n\n       <\/div>\n    <\/div>\n  \n\n\n\t\t<\/div>\n\t\t\t\t\t<\/div>\n\n\t\n\n\n<style>\n#row-1812295207 > .col > .col-inner {\n  padding: 20px 0px 0px 0px;\n}\n<\/style>\n<\/div>\n\n\t\t<\/div>\n\n\t\t\n<style>\n#section_1200549610 {\n  padding-top: 0px;\n  padding-bottom: 0px;\n}\n#section_1200549610 .ux-shape-divider--top svg {\n  height: 150px;\n  --divider-top-width: 100%;\n}\n#section_1200549610 .ux-shape-divider--bottom svg {\n  height: 150px;\n  --divider-width: 100%;\n}\n<\/style>\n\t<\/section>\n\t\n\t<section class=\"section\" id=\"section_281584410\">\n\t\t<div class=\"bg section-bg fill bg-fill  bg-loaded\" >\n\n\t\t\t\n\t\t\t\n\t\t\t\n\n\t\t<\/div>\n\n\t\t\n\n\t\t<div class=\"section-content relative\">\n\t\t\t\n\n<div class=\"row\"  id=\"row-1083122139\">\n\n\n\t<div id=\"col-959765574\" class=\"col medium-9 small-12 large-9\"  >\n\t\t\t\t<div class=\"col-inner\"  >\n\t\t\t\n\t\t\t\n\n<p>WIN ART LOGISTICS cung c\u1ea5p d\u1ecbch v\u1ee5 v\u1eadn chuy\u1ec3n n\u1ed9i \u0111\u1ecba t\u1eeb c\u1eeda \u0111\u1ebfn c\u1eeda (door to door), t\u1eeb c\u1ea3ng \u0111\u1ebfn c\u1eeda (port to door) v\u00e0 t\u1eeb c\u1ea3ng \u0111\u1ebfn c\u1ea3ng (port to port), k\u1ebft h\u1ee3p v\u1edbi c\u00e1c gi\u1ea3i ph\u00e1p chu\u1ed7i cung \u1ee9ng v\u00e0 v\u1eadn t\u1ea3i b\u1eb1ng \u0111\u01b0\u1eddng h\u00e0ng kh\u00f4ng ho\u1eb7c \u0111\u01b0\u1eddng bi\u1ec3n.<\/p>\n<p>Cho d\u00f9 v\u1eadn chuy\u1ec3n n\u1ed9i \u0111\u1ecba b\u1eb1ng \u0111\u01b0\u1eddng b\u1ed9, \u0111\u01b0\u1eddng s\u1eaft ho\u1eb7c \u0111\u01b0\u1eddng s\u00f4ng, ch\u00fang t\u00f4i cung c\u1ea5p c\u00e1c gi\u1ea3i ph\u00e1p nh\u1eb1m n\u00e2ng cao v\u00e0 \u0111\u01a1n gi\u1ea3n h\u00f3a c\u00e1c nhu c\u1ea7u v\u1ec1 b\u00e3i \u0111\u1eadu xe c\u1ee7a kh\u00e1ch h\u00e0ng.<\/p>\n<p><strong>D\u1ecbch v\u1ee5 bao g\u1ed3m:<\/strong><\/p>\n<ul>\n<li>C\u1eeda \u0111\u1ebfn c\u1eeda, C\u1eeda \u0111\u1ebfn c\u1ea3ng v\u00e0 C\u1ea3ng \u0111\u1ebfn c\u1eeda<\/li>\n<li>C\u00e1c gi\u1ea3i ph\u00e1p giao th\u00f4ng \u0111\u01b0\u1eddng b\u1ed9, \u0111\u01b0\u1eddng s\u1eaft v\u00e0 \u0111\u01b0\u1eddng s\u00f4ng<\/li>\n<li>Ph\u00e2n ph\u1ed1i n\u1ed9i \u0111\u1ecba tr\u00ean to\u00e0n qu\u1ed1c<\/li>\n<li>Th\u1ee7 t\u1ee5c h\u1ea3i quan<\/li>\n<li>Qu\u1ea3n l\u00fd T\u00e0i li\u1ec7u v\u00e0 B\u1ea3o hi\u1ec3m H\u00e0ng h\u00f3a<\/li>\n<\/ul>\n<p>Vi\u1ec7c giao h\u00e0ng cho kh\u00e1ch h\u00e0ng ph\u1ea3i \u0111\u00fang th\u1eddi gian v\u00e0 \u0111\u00e1ng tin c\u1eady l\u00e0 ch\u00eca kh\u00f3a cho vi\u1ec7c kinh doanh c\u1ee7a ch\u00fang t\u00f4i. \u0110\u1ec3 \u0111\u00e1p \u1ee9ng m\u1ecdi nhu c\u1ea7u v\u1ec1 v\u1eadn t\u1ea3i, ch\u00fang t\u00f4i cung c\u1ea5p \u0111a d\u1ea1ng c\u00e1c d\u1ecbch v\u1ee5 v\u1eadn t\u1ea3i n\u1ed9i \u0111\u1ecba, bao g\u1ed3m:<\/p>\n<ul>\n<li>V\u1eadn t\u1ea3i h\u00e0ng l\u1ebb<\/li>\n<li>V\u1eadn t\u1ea3i h\u00e0ng kh\u1ed1i l\u01b0\u1ee3ng l\u1edbn<\/li>\n<li>C\u00e1c d\u1ecbch v\u1ee5 k\u00e9o container<\/li>\n<li>C\u00e1c d\u1ecbch v\u1ee5 v\u1eadn t\u1ea3i li\u00ean h\u1ee3p<\/li>\n<li>C\u00e1c d\u1ecbch v\u1ee5 gi\u00e1 tr\u1ecb gia t\u0103ng<\/li>\n<li>C\u00e1c d\u1ecbch v\u1ee5 nh\u1eadn h\u00e0ng<\/li>\n<li>Ki\u1ec3m tra ch\u1ee9ng t\u1eeb cho \u0111\u1ebfn khi h\u00e0ng ho\u00e1 \u0111\u01b0\u1ee3c giao<\/li>\n<li>Ki\u1ec3m \u0111\u1ebfm h\u00e0ng<\/li>\n<li>Gi\u00e1m s\u00e1t t\u1ea1i ch\u1ed7<\/li>\n<\/ul>\n\n\t\t<\/div>\n\t\t\t\t\t<\/div>\n\n\t\n\n\t<div id=\"col-1816703765\" class=\"col medium-3 small-12 large-3\"  >\n\t\t\t\t<div class=\"col-inner\"  >\n\t\t\t\n\t\t\t\n\n<ul class=\"sidebar-wrapper ul-reset widgets-boxed\"><aside id=\"nav_menu-3\" class=\"widget widget_nav_menu\"><div class=\"menu-service-menu-container\"><ul id=\"menu-service-menu\" class=\"menu\"><li id=\"menu-item-212\" class=\"menu-item menu-item-type-post_type menu-item-object-page menu-item-has-children menu-item-212\"><a href=\"https:\/\/winartlogistics.com\/vi\/ocean-freight-service\/\">D\u1ecbch V\u1ee5 V\u1eadn T\u1ea3i \u0110\u01b0\u1eddng Bi\u1ec3n<\/a>\n<ul class=\"sub-menu\">\n\t<li id=\"menu-item-227\" class=\"menu-item menu-item-type-post_type menu-item-object-page menu-item-227\"><a href=\"https:\/\/winartlogistics.com\/vi\/lcl\/\">D\u1ecbch V\u1ee5 H\u00e0ng L\u1ebb<\/a><\/li>\n\t<li id=\"menu-item-226\" class=\"menu-item menu-item-type-post_type menu-item-object-page menu-item-226\"><a href=\"https:\/\/winartlogistics.com\/vi\/fcl\/\">D\u1ecbch V\u1ee5 H\u00e0ng Nguy\u00ean Container<\/a><\/li>\n\t<li id=\"menu-item-244\" class=\"menu-item menu-item-type-post_type menu-item-object-page menu-item-244\"><a href=\"https:\/\/winartlogistics.com\/vi\/consolidation\/\">D\u1ecbch V\u1ee5 \u0110\u00f3ng H\u00e0ng Consol<\/a><\/li>\n<\/ul>\n<\/li>\n<li id=\"menu-item-243\" class=\"menu-item menu-item-type-post_type menu-item-object-page menu-item-243\"><a href=\"https:\/\/winartlogistics.com\/vi\/air-freight-services\/\">D\u1ecbch V\u1ee5 V\u1eadn T\u1ea3i H\u00e0ng Kh\u00f4ng<\/a><\/li>\n<li id=\"menu-item-257\" class=\"menu-item menu-item-type-post_type menu-item-object-page menu-item-257\"><a href=\"https:\/\/winartlogistics.com\/vi\/express-services\/\">D\u1ecbch V\u1ee5 Chuy\u1ec3n Ph\u00e1t Nhanh<\/a><\/li>\n<li id=\"menu-item-256\" class=\"menu-item menu-item-type-post_type menu-item-object-page menu-item-256\"><a href=\"https:\/\/winartlogistics.com\/vi\/oversize-overweight-services\/\">D\u1ecbch V\u1ee5 H\u00e0ng Si\u00eau Tr\u01b0\u1eddng - Si\u00eau Tr\u1ecdng<\/a><\/li>\n<li id=\"menu-item-265\" class=\"menu-item menu-item-type-post_type menu-item-object-page menu-item-265\"><a href=\"https:\/\/winartlogistics.com\/vi\/project-services\/\">D\u1ecbch V\u1ee5 H\u00e0ng D\u1ef1 \u00c1n<\/a><\/li>\n<li id=\"menu-item-272\" class=\"menu-item menu-item-type-post_type menu-item-object-page menu-item-272\"><a href=\"https:\/\/winartlogistics.com\/vi\/rail-services\/\">D\u1ecbch V\u1ee5 V\u1eadn T\u1ea3i \u0110\u01b0\u1eddng S\u1eaft<\/a><\/li>\n<li id=\"menu-item-283\" class=\"menu-item menu-item-type-post_type menu-item-object-page menu-item-283\"><a href=\"https:\/\/winartlogistics.com\/vi\/truck-services\/\">D\u1ecbch V\u1ee5 V\u1eadn T\u1ea3i N\u1ed9i \u0110\u1ecba<\/a><\/li>\n<li id=\"menu-item-289\" class=\"menu-item menu-item-type-post_type menu-item-object-page menu-item-289\"><a href=\"https:\/\/winartlogistics.com\/vi\/customs-services\/\">D\u1ecbch V\u1ee5 Khai Thu\u00ea H\u1ea3i Quan<\/a><\/li>\n<\/ul><\/div><\/aside><aside id=\"custom_html-5\" class=\"widget_text widget widget_custom_html\"><div class=\"textwidget custom-html-widget\"><!-- 7ac1ca6d12f9f2785371c18cd11c1fe6 --><\/div><\/aside><\/ul>\n\n\n\t\t<\/div>\n\t\t\t\t\t<\/div>\n\n\t\n\n<\/div>\n\n\t\t<\/div>\n\n\t\t\n<style>\n#section_281584410 {\n  padding-top: 30px;\n  padding-bottom: 30px;\n}\n#section_281584410 .ux-shape-divider--top svg {\n  height: 150px;\n  --divider-top-width: 100%;\n}\n#section_281584410 .ux-shape-divider--bottom svg {\n  height: 150px;\n  --divider-width: 100%;\n}\n<\/style>\n\t<\/section>","protected":false},"excerpt":{"rendered":"","protected":false},"author":1,"featured_media":0,"parent":0,"menu_order":0,"comment_status":"closed","ping_status":"closed","template":"page-blank.php","meta":{"footnotes":""},"class_list":["post-278","page","type-page","status-publish","hentry"],"yoast_head":"<!-- This site is optimized with the Yoast SEO plugin v19.11 - https:\/\/yoast.com\/wordpress\/plugins\/seo\/ -->\n<title>Truck Services - Win Art Logictics<\/title>\n<meta name=\"robots\" content=\"index, follow, max-snippet:-1, max-image-preview:large, max-video-preview:-1\" \/>\n<link rel=\"canonical\" href=\"https:\/\/winartlogistics.com\/vi\/truck-services\/\" \/>\n<meta property=\"og:locale\" content=\"vi_VN\" \/>\n<meta property=\"og:type\" content=\"article\" \/>\n<meta property=\"og:title\" content=\"Truck Services - Win Art Logictics\" \/>\n<meta property=\"og:url\" content=\"https:\/\/winartlogistics.com\/vi\/truck-services\/\" \/>\n<meta property=\"og:site_name\" content=\"Win Art Logictics\" \/>\n<meta property=\"article:modified_time\" content=\"2023-05-07T09:12:50+00:00\" \/>\n<meta name=\"twitter:card\" content=\"summary_large_image\" \/>\n<script type=\"application\/ld+json\" class=\"yoast-schema-graph\">{\"@context\":\"https:\/\/schema.org\",\"@graph\":[{\"@type\":\"WebPage\",\"@id\":\"https:\/\/winartlogistics.com\/truck-services\/\",\"url\":\"https:\/\/winartlogistics.com\/truck-services\/\",\"name\":\"Truck Services - Win Art Logictics\",\"isPartOf\":{\"@id\":\"https:\/\/winartlogistics.com\/#website\"},\"datePublished\":\"2022-12-11T17:08:53+00:00\",\"dateModified\":\"2023-05-07T09:12:50+00:00\",\"breadcrumb\":{\"@id\":\"https:\/\/winartlogistics.com\/truck-services\/#breadcrumb\"},\"inLanguage\":\"vi\",\"potentialAction\":[{\"@type\":\"ReadAction\",\"target\":[\"https:\/\/winartlogistics.com\/truck-services\/\"]}]},{\"@type\":\"BreadcrumbList\",\"@id\":\"https:\/\/winartlogistics.com\/truck-services\/#breadcrumb\",\"itemListElement\":[{\"@type\":\"ListItem\",\"position\":1,\"name\":\"Home\",\"item\":\"https:\/\/winartlogistics.com\/\"},{\"@type\":\"ListItem\",\"position\":2,\"name\":\"Truck Services\"}]},{\"@type\":\"WebSite\",\"@id\":\"https:\/\/winartlogistics.com\/#website\",\"url\":\"https:\/\/winartlogistics.com\/\",\"name\":\"Win Art Logictics\",\"description\":\"\",\"potentialAction\":[{\"@type\":\"SearchAction\",\"target\":{\"@type\":\"EntryPoint\",\"urlTemplate\":\"https:\/\/winartlogistics.com\/?s={search_term_string}\"},\"query-input\":\"required name=search_term_string\"}],\"inLanguage\":\"vi\"}]}<\/script>\n<!-- \/ Yoast SEO plugin. -->","yoast_head_json":{"title":"Truck Services - Win Art Logictics","robots":{"index":"index","follow":"follow","max-snippet":"max-snippet:-1","max-image-preview":"max-image-preview:large","max-video-preview":"max-video-preview:-1"},"canonical":"https:\/\/winartlogistics.com\/vi\/truck-services\/","og_locale":"vi_VN","og_type":"article","og_title":"Truck Services - Win Art Logictics","og_url":"https:\/\/winartlogistics.com\/vi\/truck-services\/","og_site_name":"Win Art Logictics","article_modified_time":"2023-05-07T09:12:50+00:00","twitter_card":"summary_large_image","schema":{"@context":"https:\/\/schema.org","@graph":[{"@type":"WebPage","@id":"https:\/\/winartlogistics.com\/truck-services\/","url":"https:\/\/winartlogistics.com\/truck-services\/","name":"Truck Services - Win Art Logictics","isPartOf":{"@id":"https:\/\/winartlogistics.com\/#website"},"datePublished":"2022-12-11T17:08:53+00:00","dateModified":"2023-05-07T09:12:50+00:00","breadcrumb":{"@id":"https:\/\/winartlogistics.com\/truck-services\/#breadcrumb"},"inLanguage":"vi","potentialAction":[{"@type":"ReadAction","target":["https:\/\/winartlogistics.com\/truck-services\/"]}]},{"@type":"BreadcrumbList","@id":"https:\/\/winartlogistics.com\/truck-services\/#breadcrumb","itemListElement":[{"@type":"ListItem","position":1,"name":"Home","item":"https:\/\/winartlogistics.com\/"},{"@type":"ListItem","position":2,"name":"Truck Services"}]},{"@type":"WebSite","@id":"https:\/\/winartlogistics.com\/#website","url":"https:\/\/winartlogistics.com\/","name":"Win Art Logictics","description":"","potentialAction":[{"@type":"SearchAction","target":{"@type":"EntryPoint","urlTemplate":"https:\/\/winartlogistics.com\/?s={search_term_string}"},"query-input":"required name=search_term_string"}],"inLanguage":"vi"}]}},"_links":{"self":[{"href":"https:\/\/winartlogistics.com\/vi\/wp-json\/wp\/v2\/pages\/278"}],"collection":[{"href":"https:\/\/winartlogistics.com\/vi\/wp-json\/wp\/v2\/pages"}],"about":[{"href":"https:\/\/winartlogistics.com\/vi\/wp-json\/wp\/v2\/types\/page"}],"author":[{"embeddable":true,"href":"https:\/\/winartlogistics.com\/vi\/wp-json\/wp\/v2\/users\/1"}],"replies":[{"embeddable":true,"href":"https:\/\/winartlogistics.com\/vi\/wp-json\/wp\/v2\/comments?post=278"}],"version-history":[{"count":10,"href":"https:\/\/winartlogistics.com\/vi\/wp-json\/wp\/v2\/pages\/278\/revisions"}],"predecessor-version":[{"id":1000,"href":"https:\/\/winartlogistics.com\/vi\/wp-json\/wp\/v2\/pages\/278\/revisions\/1000"}],"wp:attachment":[{"href":"https:\/\/winartlogistics.com\/vi\/wp-json\/wp\/v2\/media?parent=278"}],"curies":[{"name":"wp","href":"https:\/\/api.w.org\/{rel}","templated":true}]}}