{"id":258,"date":"2022-12-11T16:34:36","date_gmt":"2022-12-11T16:34:36","guid":{"rendered":"https:\/\/winartlogistics.com\/?page_id=258"},"modified":"2023-05-06T10:50:35","modified_gmt":"2023-05-06T10:50:35","slug":"project-services","status":"publish","type":"page","link":"https:\/\/winartlogistics.com\/vi\/project-services\/","title":{"rendered":"D\u1ecbch V\u1ee5 H\u00e0ng D\u1ef1 \u00c1n"},"content":{"rendered":"<section class=\"section\" id=\"section_1066008057\">\n\t\t<div class=\"bg section-bg fill bg-fill  bg-loaded\" >\n\n\t\t\t\n\t\t\t\n\t\t\t\n\n\t\t<\/div>\n\n\t\t\n\n\t\t<div class=\"section-content relative\">\n\t\t\t\n\n\t<div class=\"img has-hover x md-x lg-x y md-y lg-y\" id=\"image_1179823549\">\n\t\t\t\t\t\t\t\t<div class=\"img-inner image-cover dark\" style=\"padding-top:56.25%;\">\n\t\t\t<img loading=\"lazy\" decoding=\"async\" width=\"1920\" height=\"1080\" src=\"https:\/\/winartlogistics.com\/wp-content\/uploads\/2023\/05\/winart_project_service.jpg\" class=\"attachment-original size-original\" alt=\"\" srcset=\"https:\/\/winartlogistics.com\/wp-content\/uploads\/2023\/05\/winart_project_service.jpg 1920w, https:\/\/winartlogistics.com\/wp-content\/uploads\/2023\/05\/winart_project_service-300x169.jpg 300w, https:\/\/winartlogistics.com\/wp-content\/uploads\/2023\/05\/winart_project_service-1024x576.jpg 1024w, https:\/\/winartlogistics.com\/wp-content\/uploads\/2023\/05\/winart_project_service-768x432.jpg 768w, https:\/\/winartlogistics.com\/wp-content\/uploads\/2023\/05\/winart_project_service-1536x864.jpg 1536w, https:\/\/winartlogistics.com\/wp-content\/uploads\/2023\/05\/winart_project_service-18x10.jpg 18w, https:\/\/winartlogistics.com\/wp-content\/uploads\/2023\/05\/winart_project_service-600x338.jpg 600w\" sizes=\"(max-width: 1920px) 100vw, 1920px\" \/>\t\t\t\t\t\t\n\t\t\t\t\t<\/div>\n\t\t\t\t\t\t\t\t\n<style>\n#image_1179823549 {\n  width: 100%;\n}\n<\/style>\n\t<\/div>\n\t\n\n<div class=\"row\"  id=\"row-1261809113\">\n\n\n\t<div id=\"col-102023592\" class=\"col small-12 large-12\"  >\n\t\t\t\t<div class=\"col-inner\"  >\n\t\t\t\n\t\t\t\n\n  <div id=\"page-header-1568851626\" class=\"page-header-wrapper\">\n  <div class=\"page-title light simple-title\">\n\n    \n    <div class=\"page-title-inner container align-center text-center flex-row-col medium-flex-wrap\" >\n              <div class=\"title-wrapper flex-col\">\n          <h1 class=\"entry-title mb-0\">\n            D\u1ecbch V\u1ee5 H\u00e0ng D\u1ef1 \u00c1n          <\/h1>\n        <\/div>\n                    <div class=\"title-content flex-col\">\n        <div class=\"title-breadcrumbs pb-half pt-half\"><nav class=\"woocommerce-breadcrumb breadcrumbs uppercase\" data-no-translation=\"\" data-trp-gettext=\"\">Trang ch\u1ee7<\/nav><\/div>      <\/div>\n    <\/div>\n\n       <\/div>\n    <\/div>\n  \n\n\n\t\t<\/div>\n\t\t\t\t\t<\/div>\n\n\t\n\n\n<style>\n#row-1261809113 > .col > .col-inner {\n  padding: 20px 0px 0px 0px;\n}\n<\/style>\n<\/div>\n\n\t\t<\/div>\n\n\t\t\n<style>\n#section_1066008057 {\n  padding-top: 0px;\n  padding-bottom: 0px;\n}\n#section_1066008057 .ux-shape-divider--top svg {\n  height: 150px;\n  --divider-top-width: 100%;\n}\n#section_1066008057 .ux-shape-divider--bottom svg {\n  height: 150px;\n  --divider-width: 100%;\n}\n<\/style>\n\t<\/section>\n\t\n\t<section class=\"section\" id=\"section_1140702513\">\n\t\t<div class=\"bg section-bg fill bg-fill  bg-loaded\" >\n\n\t\t\t\n\t\t\t\n\t\t\t\n\n\t\t<\/div>\n\n\t\t\n\n\t\t<div class=\"section-content relative\">\n\t\t\t\n\n<div class=\"row\"  id=\"row-543102351\">\n\n\n\t<div id=\"col-1288953722\" class=\"col medium-9 small-12 large-9\"  >\n\t\t\t\t<div class=\"col-inner\"  >\n\t\t\t\n\t\t\t\n\n<p>Ch\u00fang t\u00f4i c\u00f3 kinh nghi\u1ec7m trong vi\u1ec7c x\u1eed l\u00fd c\u00e1c d\u1ef1 \u00e1n ph\u1ee9c t\u1ea1p. Qu\u1ea3n l\u00fd vi\u1ec7c v\u1eadn chuy\u1ec3n c\u00e1c d\u1ef1 \u00e1n ph\u1ee9c t\u1ea1p \u0111\u00f2i h\u1ecfi nh\u00e2n vi\u00ean ph\u1ea3i d\u00e0y d\u1eb7n kinh nghi\u1ec7m v\u00e0 tr\u00ecnh \u0111\u1ed9 chuy\u00ean m\u00f4n s\u00e2u. \u0110\u1ed9i ng\u0169 th\u1ef1c hi\u1ec7n ph\u1ea3i l\u00e0 nh\u1eefng ng\u01b0\u1eddi nghi\u00ean c\u1ee9u t\u1ea5t c\u1ea3 c\u00e1c ph\u01b0\u01a1ng \u00e1n, \u0111i\u1ec1u tra t\u1eebng chi ti\u1ebft, kh\u1ea3o s\u00e1t v\u00e0 x\u00e1c \u0111\u1ecbnh nh\u1eefng nguy c\u01a1 ti\u1ec1m \u1ea9n v\u1ec1 m\u1eb7t v\u1eadt l\u00fd v\u00e0 phi v\u1eadt l\u00fd, c\u00f3 ph\u1ea3n \u1ee9ng linh ho\u1ea1t v\u1edbi c\u00e1c t\u00ecnh hu\u1ed1ng b\u1ea5t th\u01b0\u1eddng b\u1eb1ng c\u00e1ch h\u00e0nh \u0111\u1ed9ng nhanh ch\u00f3ng v\u00e0 quy\u1ebft \u0111o\u00e1n. C\u00e1ch ti\u1ebfp c\u1eadn c\u1ee7a ch\u00fang t\u00f4i l\u00e0 chia nh\u1ecf d\u1ef1 \u00e1n th\u00e0nh c\u00e1c y\u1ebfu t\u1ed1 thi\u1ebft y\u1ebfu, sau \u0111\u00f3 ch\u1ec9 \u0111\u1ecbnh gi\u00e1m s\u00e1t tr\u1ef1c ti\u1ebfp \u0111\u1ed1i v\u1edbi t\u1eebng y\u1ebfu t\u1ed1 \u0111\u00f3.<\/p>\n<p>D\u1ecbch v\u1ee5 Logistics H\u00e0ng D\u1ef1 \u00e1n c\u1ee7a ch\u00fang t\u00f4i bao g\u1ed3m:<\/p>\n<ul>\n<li>T\u01b0 v\u1ea5n l\u1ed9 tr\u00ecnh v\u1eadn t\u1ea3i ph\u00f9 h\u1ee3p v\u1edbi kh\u00e1ch h\u00e0ng<\/li>\n<li>Nghi\u00ean c\u1ee9u t\u1ed5ng th\u1ec3 d\u1ef1 \u00e1n<\/li>\n<li>Kh\u1ea3o s\u00e1t v\u1eadn t\u1ea3i<\/li>\n<li>L\u1eadp k\u1ebf ho\u1ea1ch v\u00e0 ng\u00e2n s\u00e1ch cho d\u1ef1 \u00e1n<\/li>\n<li>X\u00e2y d\u1ef1ng v\u00e0 m\u00f4 t\u1ea3 quy tr\u00ecnh d\u1ef1 \u00e1n<\/li>\n<li>Gi\u00e1m s\u00e1t h\u00e0ng h\u00f3a trong qu\u00e1 tr\u00ecnh b\u1ed1c x\u1ebfp, c\u0169ng nh\u01b0 trong qu\u00e1 tr\u00ecnh v\u1eadn chuy\u1ec3n<\/li>\n<li>Thu\u00ea ph\u01b0\u01a1ng ti\u1ec7n v\u1eadn t\u1ea3i<\/li>\n<li>\u0110\u00f3ng h\u00e0ng theo y\u00eau c\u1ea7u c\u1ee7a kh\u00e1ch h\u00e0ng<\/li>\n<li>Qu\u1ea3n l\u00fd \u0111\u01a1n \u0111\u1eb7t h\u00e0ng v\u00e0 theo d\u00f5i h\u00e0ng h\u00f3a<\/li>\n<li>V\u1eadn chuy\u1ec3n h\u00e0ng h\u00f3a qu\u00e1 kh\u1ed5<\/li>\n<li>V\u1eadn t\u1ea3i h\u00e0ng n\u1eb7ng<\/li>\n<li>D\u1ecbch v\u1ee5 x\u00e0 lan<\/li>\n<li>V\u1eadn chuy\u1ec3n theo module<\/li>\n<li>Ki\u1ec3m tra tr\u01b0\u1edbc khi giao h\u00e0ng<\/li>\n<\/ul>\n\n\t\t<\/div>\n\t\t\t\t\t<\/div>\n\n\t\n\n\t<div id=\"col-949139196\" class=\"col medium-3 small-12 large-3\"  >\n\t\t\t\t<div class=\"col-inner\"  >\n\t\t\t\n\t\t\t\n\n<ul class=\"sidebar-wrapper ul-reset widgets-boxed\"><aside id=\"nav_menu-3\" class=\"widget widget_nav_menu\"><div class=\"menu-service-menu-container\"><ul id=\"menu-service-menu\" class=\"menu\"><li id=\"menu-item-212\" class=\"menu-item menu-item-type-post_type menu-item-object-page menu-item-has-children menu-item-212\"><a href=\"https:\/\/winartlogistics.com\/vi\/ocean-freight-service\/\">D\u1ecbch V\u1ee5 V\u1eadn T\u1ea3i \u0110\u01b0\u1eddng Bi\u1ec3n<\/a>\n<ul class=\"sub-menu\">\n\t<li id=\"menu-item-227\" class=\"menu-item menu-item-type-post_type menu-item-object-page menu-item-227\"><a href=\"https:\/\/winartlogistics.com\/vi\/lcl\/\">D\u1ecbch V\u1ee5 H\u00e0ng L\u1ebb<\/a><\/li>\n\t<li id=\"menu-item-226\" class=\"menu-item menu-item-type-post_type menu-item-object-page menu-item-226\"><a href=\"https:\/\/winartlogistics.com\/vi\/fcl\/\">D\u1ecbch V\u1ee5 H\u00e0ng Nguy\u00ean Container<\/a><\/li>\n\t<li id=\"menu-item-244\" class=\"menu-item menu-item-type-post_type menu-item-object-page menu-item-244\"><a href=\"https:\/\/winartlogistics.com\/vi\/consolidation\/\">D\u1ecbch V\u1ee5 \u0110\u00f3ng H\u00e0ng Consol<\/a><\/li>\n<\/ul>\n<\/li>\n<li id=\"menu-item-243\" class=\"menu-item menu-item-type-post_type menu-item-object-page menu-item-243\"><a href=\"https:\/\/winartlogistics.com\/vi\/air-freight-services\/\">D\u1ecbch V\u1ee5 V\u1eadn T\u1ea3i H\u00e0ng Kh\u00f4ng<\/a><\/li>\n<li id=\"menu-item-257\" class=\"menu-item menu-item-type-post_type menu-item-object-page menu-item-257\"><a href=\"https:\/\/winartlogistics.com\/vi\/express-services\/\">D\u1ecbch V\u1ee5 Chuy\u1ec3n Ph\u00e1t Nhanh<\/a><\/li>\n<li id=\"menu-item-256\" class=\"menu-item menu-item-type-post_type menu-item-object-page menu-item-256\"><a href=\"https:\/\/winartlogistics.com\/vi\/oversize-overweight-services\/\">D\u1ecbch V\u1ee5 H\u00e0ng Si\u00eau Tr\u01b0\u1eddng - Si\u00eau Tr\u1ecdng<\/a><\/li>\n<li id=\"menu-item-265\" class=\"menu-item menu-item-type-post_type menu-item-object-page menu-item-265\"><a href=\"https:\/\/winartlogistics.com\/vi\/project-services\/\">D\u1ecbch V\u1ee5 H\u00e0ng D\u1ef1 \u00c1n<\/a><\/li>\n<li id=\"menu-item-272\" class=\"menu-item menu-item-type-post_type menu-item-object-page menu-item-272\"><a href=\"https:\/\/winartlogistics.com\/vi\/rail-services\/\">D\u1ecbch V\u1ee5 V\u1eadn T\u1ea3i \u0110\u01b0\u1eddng S\u1eaft<\/a><\/li>\n<li id=\"menu-item-283\" class=\"menu-item menu-item-type-post_type menu-item-object-page menu-item-283\"><a href=\"https:\/\/winartlogistics.com\/vi\/truck-services\/\">D\u1ecbch V\u1ee5 V\u1eadn T\u1ea3i N\u1ed9i \u0110\u1ecba<\/a><\/li>\n<li id=\"menu-item-289\" class=\"menu-item menu-item-type-post_type menu-item-object-page menu-item-289\"><a href=\"https:\/\/winartlogistics.com\/vi\/customs-services\/\">D\u1ecbch V\u1ee5 Khai Thu\u00ea H\u1ea3i Quan<\/a><\/li>\n<\/ul><\/div><\/aside><aside id=\"custom_html-5\" class=\"widget_text widget widget_custom_html\"><div class=\"textwidget custom-html-widget\"><!-- 7ac1ca6d12f9f2785371c18cd11c1fe6 --><\/div><\/aside><\/ul>\n\n\n\t\t<\/div>\n\t\t\t\t\t<\/div>\n\n\t\n\n<\/div>\n\n\t\t<\/div>\n\n\t\t\n<style>\n#section_1140702513 {\n  padding-top: 30px;\n  padding-bottom: 30px;\n}\n#section_1140702513 .ux-shape-divider--top svg {\n  height: 150px;\n  --divider-top-width: 100%;\n}\n#section_1140702513 .ux-shape-divider--bottom svg {\n  height: 150px;\n  --divider-width: 100%;\n}\n<\/style>\n\t<\/section>","protected":false},"excerpt":{"rendered":"","protected":false},"author":1,"featured_media":0,"parent":0,"menu_order":0,"comment_status":"closed","ping_status":"closed","template":"page-blank.php","meta":{"footnotes":""},"class_list":["post-258","page","type-page","status-publish","hentry"],"yoast_head":"<!-- This site is optimized with the Yoast SEO plugin v19.11 - https:\/\/yoast.com\/wordpress\/plugins\/seo\/ -->\n<title>Project Services - Win Art Logictics<\/title>\n<meta name=\"robots\" content=\"index, follow, max-snippet:-1, max-image-preview:large, max-video-preview:-1\" \/>\n<link rel=\"canonical\" href=\"https:\/\/winartlogistics.com\/vi\/project-services\/\" \/>\n<meta property=\"og:locale\" content=\"vi_VN\" \/>\n<meta property=\"og:type\" content=\"article\" \/>\n<meta property=\"og:title\" content=\"Project Services - Win Art Logictics\" \/>\n<meta property=\"og:url\" content=\"https:\/\/winartlogistics.com\/vi\/project-services\/\" \/>\n<meta property=\"og:site_name\" content=\"Win Art Logictics\" \/>\n<meta property=\"article:modified_time\" content=\"2023-05-06T10:50:35+00:00\" \/>\n<meta name=\"twitter:card\" content=\"summary_large_image\" \/>\n<script type=\"application\/ld+json\" class=\"yoast-schema-graph\">{\"@context\":\"https:\/\/schema.org\",\"@graph\":[{\"@type\":\"WebPage\",\"@id\":\"https:\/\/winartlogistics.com\/project-services\/\",\"url\":\"https:\/\/winartlogistics.com\/project-services\/\",\"name\":\"Project Services - Win Art Logictics\",\"isPartOf\":{\"@id\":\"https:\/\/winartlogistics.com\/#website\"},\"datePublished\":\"2022-12-11T16:34:36+00:00\",\"dateModified\":\"2023-05-06T10:50:35+00:00\",\"breadcrumb\":{\"@id\":\"https:\/\/winartlogistics.com\/project-services\/#breadcrumb\"},\"inLanguage\":\"vi\",\"potentialAction\":[{\"@type\":\"ReadAction\",\"target\":[\"https:\/\/winartlogistics.com\/project-services\/\"]}]},{\"@type\":\"BreadcrumbList\",\"@id\":\"https:\/\/winartlogistics.com\/project-services\/#breadcrumb\",\"itemListElement\":[{\"@type\":\"ListItem\",\"position\":1,\"name\":\"Home\",\"item\":\"https:\/\/winartlogistics.com\/\"},{\"@type\":\"ListItem\",\"position\":2,\"name\":\"Project Services\"}]},{\"@type\":\"WebSite\",\"@id\":\"https:\/\/winartlogistics.com\/#website\",\"url\":\"https:\/\/winartlogistics.com\/\",\"name\":\"Win Art Logictics\",\"description\":\"\",\"potentialAction\":[{\"@type\":\"SearchAction\",\"target\":{\"@type\":\"EntryPoint\",\"urlTemplate\":\"https:\/\/winartlogistics.com\/?s={search_term_string}\"},\"query-input\":\"required name=search_term_string\"}],\"inLanguage\":\"vi\"}]}<\/script>\n<!-- \/ Yoast SEO plugin. -->","yoast_head_json":{"title":"Project Services - Win Art Logictics","robots":{"index":"index","follow":"follow","max-snippet":"max-snippet:-1","max-image-preview":"max-image-preview:large","max-video-preview":"max-video-preview:-1"},"canonical":"https:\/\/winartlogistics.com\/vi\/project-services\/","og_locale":"vi_VN","og_type":"article","og_title":"Project Services - Win Art Logictics","og_url":"https:\/\/winartlogistics.com\/vi\/project-services\/","og_site_name":"Win Art Logictics","article_modified_time":"2023-05-06T10:50:35+00:00","twitter_card":"summary_large_image","schema":{"@context":"https:\/\/schema.org","@graph":[{"@type":"WebPage","@id":"https:\/\/winartlogistics.com\/project-services\/","url":"https:\/\/winartlogistics.com\/project-services\/","name":"Project Services - Win Art Logictics","isPartOf":{"@id":"https:\/\/winartlogistics.com\/#website"},"datePublished":"2022-12-11T16:34:36+00:00","dateModified":"2023-05-06T10:50:35+00:00","breadcrumb":{"@id":"https:\/\/winartlogistics.com\/project-services\/#breadcrumb"},"inLanguage":"vi","potentialAction":[{"@type":"ReadAction","target":["https:\/\/winartlogistics.com\/project-services\/"]}]},{"@type":"BreadcrumbList","@id":"https:\/\/winartlogistics.com\/project-services\/#breadcrumb","itemListElement":[{"@type":"ListItem","position":1,"name":"Home","item":"https:\/\/winartlogistics.com\/"},{"@type":"ListItem","position":2,"name":"Project Services"}]},{"@type":"WebSite","@id":"https:\/\/winartlogistics.com\/#website","url":"https:\/\/winartlogistics.com\/","name":"Win Art Logictics","description":"","potentialAction":[{"@type":"SearchAction","target":{"@type":"EntryPoint","urlTemplate":"https:\/\/winartlogistics.com\/?s={search_term_string}"},"query-input":"required name=search_term_string"}],"inLanguage":"vi"}]}},"_links":{"self":[{"href":"https:\/\/winartlogistics.com\/vi\/wp-json\/wp\/v2\/pages\/258"}],"collection":[{"href":"https:\/\/winartlogistics.com\/vi\/wp-json\/wp\/v2\/pages"}],"about":[{"href":"https:\/\/winartlogistics.com\/vi\/wp-json\/wp\/v2\/types\/page"}],"author":[{"embeddable":true,"href":"https:\/\/winartlogistics.com\/vi\/wp-json\/wp\/v2\/users\/1"}],"replies":[{"embeddable":true,"href":"https:\/\/winartlogistics.com\/vi\/wp-json\/wp\/v2\/comments?post=258"}],"version-history":[{"count":11,"href":"https:\/\/winartlogistics.com\/vi\/wp-json\/wp\/v2\/pages\/258\/revisions"}],"predecessor-version":[{"id":991,"href":"https:\/\/winartlogistics.com\/vi\/wp-json\/wp\/v2\/pages\/258\/revisions\/991"}],"wp:attachment":[{"href":"https:\/\/winartlogistics.com\/vi\/wp-json\/wp\/v2\/media?parent=258"}],"curies":[{"name":"wp","href":"https:\/\/api.w.org\/{rel}","templated":true}]}}