{"id":245,"date":"2022-12-11T16:13:13","date_gmt":"2022-12-11T16:13:13","guid":{"rendered":"https:\/\/winartlogistics.com\/?page_id=245"},"modified":"2023-05-07T09:10:41","modified_gmt":"2023-05-07T09:10:41","slug":"express-services","status":"publish","type":"page","link":"https:\/\/winartlogistics.com\/vi\/express-services\/","title":{"rendered":"D\u1ecbch V\u1ee5 Chuy\u1ec3n Ph\u00e1t Nhanh"},"content":{"rendered":"<section class=\"section\" id=\"section_330509044\">\n\t\t<div class=\"bg section-bg fill bg-fill  bg-loaded\" >\n\n\t\t\t\n\t\t\t\n\t\t\t\n\n\t\t<\/div>\n\n\t\t\n\n\t\t<div class=\"section-content relative\">\n\t\t\t\n\n\t<div class=\"img has-hover x md-x lg-x y md-y lg-y\" id=\"image_900542421\">\n\t\t\t\t\t\t\t\t<div class=\"img-inner image-cover dark\" style=\"padding-top:56.25%;\">\n\t\t\t<img loading=\"lazy\" decoding=\"async\" width=\"1920\" height=\"1080\" src=\"https:\/\/winartlogistics.com\/wp-content\/uploads\/2023\/04\/winart_express_service.jpg\" class=\"attachment-original size-original\" alt=\"\" srcset=\"https:\/\/winartlogistics.com\/wp-content\/uploads\/2023\/04\/winart_express_service.jpg 1920w, https:\/\/winartlogistics.com\/wp-content\/uploads\/2023\/04\/winart_express_service-300x169.jpg 300w, https:\/\/winartlogistics.com\/wp-content\/uploads\/2023\/04\/winart_express_service-1024x576.jpg 1024w, https:\/\/winartlogistics.com\/wp-content\/uploads\/2023\/04\/winart_express_service-768x432.jpg 768w, https:\/\/winartlogistics.com\/wp-content\/uploads\/2023\/04\/winart_express_service-1536x864.jpg 1536w, https:\/\/winartlogistics.com\/wp-content\/uploads\/2023\/04\/winart_express_service-18x10.jpg 18w, https:\/\/winartlogistics.com\/wp-content\/uploads\/2023\/04\/winart_express_service-600x338.jpg 600w\" sizes=\"(max-width: 1920px) 100vw, 1920px\" \/>\t\t\t\t\t\t\n\t\t\t\t\t<\/div>\n\t\t\t\t\t\t\t\t\n<style>\n#image_900542421 {\n  width: 100%;\n}\n<\/style>\n\t<\/div>\n\t\n\n<div class=\"row\"  id=\"row-1218566310\">\n\n\n\t<div id=\"col-866821512\" class=\"col small-12 large-12\"  >\n\t\t\t\t<div class=\"col-inner\"  >\n\t\t\t\n\t\t\t\n\n  <div id=\"page-header-1040299622\" class=\"page-header-wrapper\">\n  <div class=\"page-title light simple-title\">\n\n    \n    <div class=\"page-title-inner container align-center text-center flex-row-col medium-flex-wrap\" >\n              <div class=\"title-wrapper flex-col\">\n          <h1 class=\"entry-title mb-0\">\n            D\u1ecbch V\u1ee5 Chuy\u1ec3n Ph\u00e1t Nhanh          <\/h1>\n        <\/div>\n                    <div class=\"title-content flex-col\">\n        <div class=\"title-breadcrumbs pb-half pt-half\"><nav class=\"woocommerce-breadcrumb breadcrumbs uppercase\" data-no-translation=\"\" data-trp-gettext=\"\">Trang ch\u1ee7<\/nav><\/div>      <\/div>\n    <\/div>\n\n       <\/div>\n    <\/div>\n  \n\n\n\t\t<\/div>\n\t\t\t\t\t<\/div>\n\n\t\n\n\n<style>\n#row-1218566310 > .col > .col-inner {\n  padding: 30px 0px 0px 0px;\n}\n<\/style>\n<\/div>\n\n\t\t<\/div>\n\n\t\t\n<style>\n#section_330509044 {\n  padding-top: 0px;\n  padding-bottom: 0px;\n}\n#section_330509044 .ux-shape-divider--top svg {\n  height: 150px;\n  --divider-top-width: 100%;\n}\n#section_330509044 .ux-shape-divider--bottom svg {\n  height: 150px;\n  --divider-width: 100%;\n}\n<\/style>\n\t<\/section>\n\t\n\t<section class=\"section\" id=\"section_249061747\">\n\t\t<div class=\"bg section-bg fill bg-fill  bg-loaded\" >\n\n\t\t\t\n\t\t\t\n\t\t\t\n\n\t\t<\/div>\n\n\t\t\n\n\t\t<div class=\"section-content relative\">\n\t\t\t\n\n<div class=\"row\"  id=\"row-56609948\">\n\n\n\t<div id=\"col-331573061\" class=\"col medium-9 small-12 large-9\"  >\n\t\t\t\t<div class=\"col-inner\"  >\n\t\t\t\n\t\t\t\n\n<p>B\u1ea1n \u0111ang c\u1ea7n d\u1ecbch v\u1ee5 chuy\u1ec3n ph\u00e1t nhanh,v\u1eady c\u00f2n ch\u1ea7n ch\u1edd g\u00ec n\u1eefa m\u00e0 b\u1ea1n kh\u00f4ng \u0111\u1ebfn v\u1edbi Win Art Logistics. Ch\u00fang t\u00f4i l\u00e0 \u0111\u01a1n v\u1ecb chuy\u1ec3n ph\u00e1t nhanh trong n\u01b0\u1edbc v\u00e0 qu\u1ed1c t\u1ebf uy t\u00edn tr\u00ean th\u1ecb tr\u01b0\u1eddng. Ch\u00fang t\u00f4i tin ch\u1eafc r\u1eb1ng b\u1ea1n s\u1ebd h\u00e0i l\u00f2ng v\u1edbi ch\u1ea5t l\u01b0\u1ee3ng d\u1ecbch v\u1ee5 c\u1ee7a ch\u00fang t\u1ed1i. Trong tr\u01b0\u1eddng h\u1ee3p h\u00e0ng ho\u00e1 b\u1ecb h\u01b0 h\u1ecfng, ch\u00fang t\u00f4i cam k\u1ebft b\u1ed3i th\u01b0\u1eddng th\u1ecfa \u0111\u00e1ng cho b\u1ea1n.<\/p>\n<ul>\n<li>V\u1eeba an to\u00e0n v\u1eeba ti\u1ebft ki\u1ec7m chi ph\u00ed<\/li>\n<li>Quy tr\u00ecnh l\u00e0m vi\u1ec7c nhanh ch\u00f3ng<\/li>\n<li>\u0110\u1ed9i ng\u0169 nh\u00e2n vi\u00ean ph\u1ee5c v\u1ee5 nhi\u1ec7t t\u00ecnh, t\u1eadn t\u00e2m 24\/07<\/li>\n<li>Cung c\u1ea5p d\u1ecbch v\u1ee5 door to door tr\u00ean to\u00e0n th\u1ebf gi\u1edbi.<\/li>\n<\/ul>\n<p>C\u00e1c lo\u1ea1i ph\u01b0\u01a1ng ti\u1ec7n ch\u1ee7 y\u1ebfu h\u1ed7 tr\u1ee3 cho vi\u1ec7c chuy\u1ec3n ph\u00e1t nhanh l\u00e0:<\/p>\n<ul>\n<li><strong>\u00d4 t\u00f4:<\/strong> \u00d4 t\u00f4 nh\u1ecf l\u00e0 xe th\u01b0 b\u00e1o, c\u00f3 th\u1ec3 k\u1ebft h\u1ee3p v\u1edbi xe m\u00e1y \u0111\u1ec3 chuy\u1ec3n h\u00e0ng nhi\u1ec1u v\u00e0 n\u1eb7ng. C\u00f2n \u00f4 t\u00f4 l\u1edbn d\u00f9ng chuy\u00ean chuy\u1ec3n ph\u00e1t b\u01b0u ki\u1ec7n gi\u1eefa c\u00e1c t\u1ec9nh l\u00e2n c\u1eadn.<\/li>\n<li><strong>M\u00e1y bay:<\/strong> V\u1eadn chuy\u1ec3n h\u00e0ng \u0111\u1ebfn c\u00e1c th\u00e0nh ph\u1ed1 xa ho\u1eb7c t\u1eeb qu\u1ed1c gia n\u00e0y \u0111\u1ebfn qu\u1ed1c gia kia.<\/li>\n<\/ul>\n<p>Ch\u00fang t\u00f4i c\u00f3 th\u1ec3 x\u1eed l\u00fd h\u00e0ng h\u00f3a \u1edf b\u1ea5t c\u1ee9 \u0111\u00e2u v\u00e0 giao nh\u1eadn m\u1ed9t c\u00e1ch k\u1ecbp th\u1eddi. Hi\u1ec7n nay, ch\u00fang t\u00f4i \u0111\u00e3 th\u1ef1c hi\u1ec7n chuy\u1ec3n ph\u00e1t nhanh qu\u1ed1c t\u1ebf \u0111\u1ebfn h\u01a1n 200 qu\u1ed1c gia v\u00e0 v\u00f9ng l\u00e3nh th\u1ed5 tr\u00ean th\u1ebf gi\u1edbi.<\/p>\n\n\t\t<\/div>\n\t\t\t\t\t<\/div>\n\n\t\n\n\t<div id=\"col-157114284\" class=\"col medium-3 small-12 large-3\"  >\n\t\t\t\t<div class=\"col-inner\"  >\n\t\t\t\n\t\t\t\n\n<ul class=\"sidebar-wrapper ul-reset widgets-boxed\"><aside id=\"nav_menu-3\" class=\"widget widget_nav_menu\"><div class=\"menu-service-menu-container\"><ul id=\"menu-service-menu\" class=\"menu\"><li id=\"menu-item-212\" class=\"menu-item menu-item-type-post_type menu-item-object-page menu-item-has-children menu-item-212\"><a href=\"https:\/\/winartlogistics.com\/vi\/ocean-freight-service\/\">D\u1ecbch V\u1ee5 V\u1eadn T\u1ea3i \u0110\u01b0\u1eddng Bi\u1ec3n<\/a>\n<ul class=\"sub-menu\">\n\t<li id=\"menu-item-227\" class=\"menu-item menu-item-type-post_type menu-item-object-page menu-item-227\"><a href=\"https:\/\/winartlogistics.com\/vi\/lcl\/\">D\u1ecbch V\u1ee5 H\u00e0ng L\u1ebb<\/a><\/li>\n\t<li id=\"menu-item-226\" class=\"menu-item menu-item-type-post_type menu-item-object-page menu-item-226\"><a href=\"https:\/\/winartlogistics.com\/vi\/fcl\/\">D\u1ecbch V\u1ee5 H\u00e0ng Nguy\u00ean Container<\/a><\/li>\n\t<li id=\"menu-item-244\" class=\"menu-item menu-item-type-post_type menu-item-object-page menu-item-244\"><a href=\"https:\/\/winartlogistics.com\/vi\/consolidation\/\">D\u1ecbch V\u1ee5 \u0110\u00f3ng H\u00e0ng Consol<\/a><\/li>\n<\/ul>\n<\/li>\n<li id=\"menu-item-243\" class=\"menu-item menu-item-type-post_type menu-item-object-page menu-item-243\"><a href=\"https:\/\/winartlogistics.com\/vi\/air-freight-services\/\">D\u1ecbch V\u1ee5 V\u1eadn T\u1ea3i H\u00e0ng Kh\u00f4ng<\/a><\/li>\n<li id=\"menu-item-257\" class=\"menu-item menu-item-type-post_type menu-item-object-page menu-item-257\"><a href=\"https:\/\/winartlogistics.com\/vi\/express-services\/\">D\u1ecbch V\u1ee5 Chuy\u1ec3n Ph\u00e1t Nhanh<\/a><\/li>\n<li id=\"menu-item-256\" class=\"menu-item menu-item-type-post_type menu-item-object-page menu-item-256\"><a href=\"https:\/\/winartlogistics.com\/vi\/oversize-overweight-services\/\">D\u1ecbch V\u1ee5 H\u00e0ng Si\u00eau Tr\u01b0\u1eddng - Si\u00eau Tr\u1ecdng<\/a><\/li>\n<li id=\"menu-item-265\" class=\"menu-item menu-item-type-post_type menu-item-object-page menu-item-265\"><a href=\"https:\/\/winartlogistics.com\/vi\/project-services\/\">D\u1ecbch V\u1ee5 H\u00e0ng D\u1ef1 \u00c1n<\/a><\/li>\n<li id=\"menu-item-272\" class=\"menu-item menu-item-type-post_type menu-item-object-page menu-item-272\"><a href=\"https:\/\/winartlogistics.com\/vi\/rail-services\/\">D\u1ecbch V\u1ee5 V\u1eadn T\u1ea3i \u0110\u01b0\u1eddng S\u1eaft<\/a><\/li>\n<li id=\"menu-item-283\" class=\"menu-item menu-item-type-post_type menu-item-object-page menu-item-283\"><a href=\"https:\/\/winartlogistics.com\/vi\/truck-services\/\">D\u1ecbch V\u1ee5 V\u1eadn T\u1ea3i N\u1ed9i \u0110\u1ecba<\/a><\/li>\n<li id=\"menu-item-289\" class=\"menu-item menu-item-type-post_type menu-item-object-page menu-item-289\"><a href=\"https:\/\/winartlogistics.com\/vi\/customs-services\/\">D\u1ecbch V\u1ee5 Khai Thu\u00ea H\u1ea3i Quan<\/a><\/li>\n<\/ul><\/div><\/aside><aside id=\"custom_html-5\" class=\"widget_text widget widget_custom_html\"><div class=\"textwidget custom-html-widget\"><!-- 7ac1ca6d12f9f2785371c18cd11c1fe6 --><\/div><\/aside><\/ul>\n\n\n\t\t<\/div>\n\t\t\t\t\t<\/div>\n\n\t\n\n<\/div>\n\n\t\t<\/div>\n\n\t\t\n<style>\n#section_249061747 {\n  padding-top: 30px;\n  padding-bottom: 30px;\n}\n#section_249061747 .ux-shape-divider--top svg {\n  height: 150px;\n  --divider-top-width: 100%;\n}\n#section_249061747 .ux-shape-divider--bottom svg {\n  height: 150px;\n  --divider-width: 100%;\n}\n<\/style>\n\t<\/section>","protected":false},"excerpt":{"rendered":"","protected":false},"author":1,"featured_media":0,"parent":0,"menu_order":0,"comment_status":"closed","ping_status":"closed","template":"page-blank.php","meta":{"footnotes":""},"class_list":["post-245","page","type-page","status-publish","hentry"],"yoast_head":"<!-- This site is optimized with the Yoast SEO plugin v19.11 - https:\/\/yoast.com\/wordpress\/plugins\/seo\/ -->\n<title>Express Services - Win Art Logictics<\/title>\n<meta name=\"robots\" content=\"index, follow, max-snippet:-1, max-image-preview:large, max-video-preview:-1\" \/>\n<link rel=\"canonical\" href=\"https:\/\/winartlogistics.com\/vi\/express-services\/\" \/>\n<meta property=\"og:locale\" content=\"vi_VN\" \/>\n<meta property=\"og:type\" content=\"article\" \/>\n<meta property=\"og:title\" content=\"Express Services - Win Art Logictics\" \/>\n<meta property=\"og:url\" content=\"https:\/\/winartlogistics.com\/vi\/express-services\/\" \/>\n<meta property=\"og:site_name\" content=\"Win Art Logictics\" \/>\n<meta property=\"article:modified_time\" content=\"2023-05-07T09:10:41+00:00\" \/>\n<meta name=\"twitter:card\" content=\"summary_large_image\" \/>\n<script type=\"application\/ld+json\" class=\"yoast-schema-graph\">{\"@context\":\"https:\/\/schema.org\",\"@graph\":[{\"@type\":\"WebPage\",\"@id\":\"https:\/\/winartlogistics.com\/express-services\/\",\"url\":\"https:\/\/winartlogistics.com\/express-services\/\",\"name\":\"Express Services - Win Art Logictics\",\"isPartOf\":{\"@id\":\"https:\/\/winartlogistics.com\/#website\"},\"datePublished\":\"2022-12-11T16:13:13+00:00\",\"dateModified\":\"2023-05-07T09:10:41+00:00\",\"breadcrumb\":{\"@id\":\"https:\/\/winartlogistics.com\/express-services\/#breadcrumb\"},\"inLanguage\":\"vi\",\"potentialAction\":[{\"@type\":\"ReadAction\",\"target\":[\"https:\/\/winartlogistics.com\/express-services\/\"]}]},{\"@type\":\"BreadcrumbList\",\"@id\":\"https:\/\/winartlogistics.com\/express-services\/#breadcrumb\",\"itemListElement\":[{\"@type\":\"ListItem\",\"position\":1,\"name\":\"Home\",\"item\":\"https:\/\/winartlogistics.com\/\"},{\"@type\":\"ListItem\",\"position\":2,\"name\":\"Express Services\"}]},{\"@type\":\"WebSite\",\"@id\":\"https:\/\/winartlogistics.com\/#website\",\"url\":\"https:\/\/winartlogistics.com\/\",\"name\":\"Win Art Logictics\",\"description\":\"\",\"potentialAction\":[{\"@type\":\"SearchAction\",\"target\":{\"@type\":\"EntryPoint\",\"urlTemplate\":\"https:\/\/winartlogistics.com\/?s={search_term_string}\"},\"query-input\":\"required name=search_term_string\"}],\"inLanguage\":\"vi\"}]}<\/script>\n<!-- \/ Yoast SEO plugin. -->","yoast_head_json":{"title":"Express Services - Win Art Logictics","robots":{"index":"index","follow":"follow","max-snippet":"max-snippet:-1","max-image-preview":"max-image-preview:large","max-video-preview":"max-video-preview:-1"},"canonical":"https:\/\/winartlogistics.com\/vi\/express-services\/","og_locale":"vi_VN","og_type":"article","og_title":"Express Services - Win Art Logictics","og_url":"https:\/\/winartlogistics.com\/vi\/express-services\/","og_site_name":"Win Art Logictics","article_modified_time":"2023-05-07T09:10:41+00:00","twitter_card":"summary_large_image","schema":{"@context":"https:\/\/schema.org","@graph":[{"@type":"WebPage","@id":"https:\/\/winartlogistics.com\/express-services\/","url":"https:\/\/winartlogistics.com\/express-services\/","name":"Express Services - Win Art Logictics","isPartOf":{"@id":"https:\/\/winartlogistics.com\/#website"},"datePublished":"2022-12-11T16:13:13+00:00","dateModified":"2023-05-07T09:10:41+00:00","breadcrumb":{"@id":"https:\/\/winartlogistics.com\/express-services\/#breadcrumb"},"inLanguage":"vi","potentialAction":[{"@type":"ReadAction","target":["https:\/\/winartlogistics.com\/express-services\/"]}]},{"@type":"BreadcrumbList","@id":"https:\/\/winartlogistics.com\/express-services\/#breadcrumb","itemListElement":[{"@type":"ListItem","position":1,"name":"Home","item":"https:\/\/winartlogistics.com\/"},{"@type":"ListItem","position":2,"name":"Express Services"}]},{"@type":"WebSite","@id":"https:\/\/winartlogistics.com\/#website","url":"https:\/\/winartlogistics.com\/","name":"Win Art Logictics","description":"","potentialAction":[{"@type":"SearchAction","target":{"@type":"EntryPoint","urlTemplate":"https:\/\/winartlogistics.com\/?s={search_term_string}"},"query-input":"required name=search_term_string"}],"inLanguage":"vi"}]}},"_links":{"self":[{"href":"https:\/\/winartlogistics.com\/vi\/wp-json\/wp\/v2\/pages\/245"}],"collection":[{"href":"https:\/\/winartlogistics.com\/vi\/wp-json\/wp\/v2\/pages"}],"about":[{"href":"https:\/\/winartlogistics.com\/vi\/wp-json\/wp\/v2\/types\/page"}],"author":[{"embeddable":true,"href":"https:\/\/winartlogistics.com\/vi\/wp-json\/wp\/v2\/users\/1"}],"replies":[{"embeddable":true,"href":"https:\/\/winartlogistics.com\/vi\/wp-json\/wp\/v2\/comments?post=245"}],"version-history":[{"count":11,"href":"https:\/\/winartlogistics.com\/vi\/wp-json\/wp\/v2\/pages\/245\/revisions"}],"predecessor-version":[{"id":997,"href":"https:\/\/winartlogistics.com\/vi\/wp-json\/wp\/v2\/pages\/245\/revisions\/997"}],"wp:attachment":[{"href":"https:\/\/winartlogistics.com\/vi\/wp-json\/wp\/v2\/media?parent=245"}],"curies":[{"name":"wp","href":"https:\/\/api.w.org\/{rel}","templated":true}]}}