{"id":228,"date":"2022-12-11T15:55:14","date_gmt":"2022-12-11T15:55:14","guid":{"rendered":"https:\/\/winartlogistics.com\/?page_id=228"},"modified":"2023-05-08T02:09:20","modified_gmt":"2023-05-08T02:09:20","slug":"consolidation","status":"publish","type":"page","link":"https:\/\/winartlogistics.com\/vi\/consolidation\/","title":{"rendered":"D\u1ecbch V\u1ee5 \u0110\u00f3ng H\u00e0ng Consol"},"content":{"rendered":"<section class=\"section\" id=\"section_2065228971\">\n\t\t<div class=\"bg section-bg fill bg-fill  bg-loaded\" >\n\n\t\t\t\n\t\t\t\n\t\t\t\n\n\t\t<\/div>\n\n\t\t\n\n\t\t<div class=\"section-content relative\">\n\t\t\t\n\n\t<div class=\"img has-hover x md-x lg-x y md-y lg-y\" id=\"image_643579352\">\n\t\t\t\t\t\t\t\t<div class=\"img-inner image-cover dark\" style=\"padding-top:56.25%;\">\n\t\t\t<img loading=\"lazy\" decoding=\"async\" width=\"1020\" height=\"574\" src=\"https:\/\/winartlogistics.com\/wp-content\/uploads\/2023\/05\/winart_console_service-1024x576.jpg\" class=\"attachment-large size-large\" alt=\"\" srcset=\"https:\/\/winartlogistics.com\/wp-content\/uploads\/2023\/05\/winart_console_service-1024x576.jpg 1024w, https:\/\/winartlogistics.com\/wp-content\/uploads\/2023\/05\/winart_console_service-300x169.jpg 300w, https:\/\/winartlogistics.com\/wp-content\/uploads\/2023\/05\/winart_console_service-768x432.jpg 768w, https:\/\/winartlogistics.com\/wp-content\/uploads\/2023\/05\/winart_console_service-1536x864.jpg 1536w, https:\/\/winartlogistics.com\/wp-content\/uploads\/2023\/05\/winart_console_service-18x10.jpg 18w, https:\/\/winartlogistics.com\/wp-content\/uploads\/2023\/05\/winart_console_service-600x338.jpg 600w, https:\/\/winartlogistics.com\/wp-content\/uploads\/2023\/05\/winart_console_service.jpg 1920w\" sizes=\"(max-width: 1020px) 100vw, 1020px\" \/>\t\t\t\t\t\t\n\t\t\t\t\t<\/div>\n\t\t\t\t\t\t\t\t\n<style>\n#image_643579352 {\n  width: 100%;\n}\n<\/style>\n\t<\/div>\n\t\n\n<div class=\"row\"  id=\"row-949268243\">\n\n\n\t<div id=\"col-1993076729\" class=\"col small-12 large-12\"  >\n\t\t\t\t<div class=\"col-inner\"  >\n\t\t\t\n\t\t\t\n\n  <div id=\"page-header-488527488\" class=\"page-header-wrapper\">\n  <div class=\"page-title light simple-title\">\n\n    \n    <div class=\"page-title-inner container align-center text-center flex-row-col medium-flex-wrap\" >\n              <div class=\"title-wrapper flex-col\">\n          <h1 class=\"entry-title mb-0\">\n            D\u1ecbch V\u1ee5 \u0110\u00f3ng H\u00e0ng Consol          <\/h1>\n        <\/div>\n                    <div class=\"title-content flex-col\">\n        <div class=\"title-breadcrumbs pb-half pt-half\"><nav class=\"woocommerce-breadcrumb breadcrumbs uppercase\" data-no-translation=\"\" data-trp-gettext=\"\">Trang ch\u1ee7<\/nav><\/div>      <\/div>\n    <\/div>\n\n       <\/div>\n    <\/div>\n  \n\n\n\t\t<\/div>\n\t\t\t\t\t<\/div>\n\n\t\n\n\n<style>\n#row-949268243 > .col > .col-inner {\n  padding: 20px 0px 0px 0px;\n}\n<\/style>\n<\/div>\n\n\t\t<\/div>\n\n\t\t\n<style>\n#section_2065228971 {\n  padding-top: 0px;\n  padding-bottom: 0px;\n}\n#section_2065228971 .ux-shape-divider--top svg {\n  height: 150px;\n  --divider-top-width: 100%;\n}\n#section_2065228971 .ux-shape-divider--bottom svg {\n  height: 150px;\n  --divider-width: 100%;\n}\n<\/style>\n\t<\/section>\n\t\n\t<section class=\"section\" id=\"section_1622821546\">\n\t\t<div class=\"bg section-bg fill bg-fill  bg-loaded\" >\n\n\t\t\t\n\t\t\t\n\t\t\t\n\n\t\t<\/div>\n\n\t\t\n\n\t\t<div class=\"section-content relative\">\n\t\t\t\n\n<div class=\"row\"  id=\"row-2130063048\">\n\n\n\t<div id=\"col-1869036985\" class=\"col medium-9 small-12 large-9\"  >\n\t\t\t\t<div class=\"col-inner\"  >\n\t\t\t\n\t\t\t\n\n<ul>\n<li style=\"text-align: left;\">Khi xu\u1ea5t \u2013 nh\u1eadp kh\u1ea9u b\u1ea1n s\u1ebd ph\u1ea3i g\u1eb7p tr\u01b0\u1eddng h\u1ee3p h\u00e0ng h\u00f3a kh\u00f4ng \u0111\u1ee7 \u0111\u1ec3 x\u1ebfp \u0111\u1ea7y m\u1ed9t container. Do v\u1eady, h\u00e0ng c\u1ee7a b\u1ea1n c\u1ea7n gh\u00e9p chung container v\u1edbi m\u1ed9t s\u1ed1 l\u00f4 h\u00e0ng kh\u00e1c. \u0110\u1ec3 t\u1ea1o ra s\u1ef1 c\u1ea1nh tranh thu\u1eadn ti\u1ec7n cho kh\u00e1ch h\u00e0ng xu\u1ea5t kh\u1ea9u ho\u1eb7c nh\u1eadp kh\u1ea9u, ch\u00fang t\u00f4i \u0111\u00e3 \u0111\u1eb7t d\u1ecbch v\u1ee5 v\u1eadn chuy\u1ec3n h\u00e0ng l\u1ebb l\u00e0 m\u1ed9t d\u1ecbch v\u1ee5 th\u1ebf m\u1ea1nh c\u1ee7a ch\u00fang t\u00f4i.<\/li>\n<li>Ch\u00fang t\u00f4i x\u1eed l\u00fd c\u00e1c l\u00f4 h\u00e0ng v\u1eadn chuy\u1ec3n LCL t\u1eeb Vi\u1ec7t Nam \u0111i c\u00e1c n\u01b0\u1edbc tr\u00ean th\u1ebf gi\u1edbi v\u00e0 ng\u01b0\u1ee3c l\u1ea1i.<\/li>\n<\/ul>\n\n\t\t<\/div>\n\t\t\t\t\t<\/div>\n\n\t\n\n\t<div id=\"col-155582962\" class=\"col medium-3 small-12 large-3\"  >\n\t\t\t\t<div class=\"col-inner\"  >\n\t\t\t\n\t\t\t\n\n<ul class=\"sidebar-wrapper ul-reset widgets-boxed\"><aside id=\"nav_menu-3\" class=\"widget widget_nav_menu\"><div class=\"menu-service-menu-container\"><ul id=\"menu-service-menu\" class=\"menu\"><li id=\"menu-item-212\" class=\"menu-item menu-item-type-post_type menu-item-object-page menu-item-has-children menu-item-212\"><a href=\"https:\/\/winartlogistics.com\/vi\/ocean-freight-service\/\">D\u1ecbch V\u1ee5 V\u1eadn T\u1ea3i \u0110\u01b0\u1eddng Bi\u1ec3n<\/a>\n<ul class=\"sub-menu\">\n\t<li id=\"menu-item-227\" class=\"menu-item menu-item-type-post_type menu-item-object-page menu-item-227\"><a href=\"https:\/\/winartlogistics.com\/vi\/lcl\/\">D\u1ecbch V\u1ee5 H\u00e0ng L\u1ebb<\/a><\/li>\n\t<li id=\"menu-item-226\" class=\"menu-item menu-item-type-post_type menu-item-object-page menu-item-226\"><a href=\"https:\/\/winartlogistics.com\/vi\/fcl\/\">D\u1ecbch V\u1ee5 H\u00e0ng Nguy\u00ean Container<\/a><\/li>\n\t<li id=\"menu-item-244\" class=\"menu-item menu-item-type-post_type menu-item-object-page menu-item-244\"><a href=\"https:\/\/winartlogistics.com\/vi\/consolidation\/\">D\u1ecbch V\u1ee5 \u0110\u00f3ng H\u00e0ng Consol<\/a><\/li>\n<\/ul>\n<\/li>\n<li id=\"menu-item-243\" class=\"menu-item menu-item-type-post_type menu-item-object-page menu-item-243\"><a href=\"https:\/\/winartlogistics.com\/vi\/air-freight-services\/\">D\u1ecbch V\u1ee5 V\u1eadn T\u1ea3i H\u00e0ng Kh\u00f4ng<\/a><\/li>\n<li id=\"menu-item-257\" class=\"menu-item menu-item-type-post_type menu-item-object-page menu-item-257\"><a href=\"https:\/\/winartlogistics.com\/vi\/express-services\/\">D\u1ecbch V\u1ee5 Chuy\u1ec3n Ph\u00e1t Nhanh<\/a><\/li>\n<li id=\"menu-item-256\" class=\"menu-item menu-item-type-post_type menu-item-object-page menu-item-256\"><a href=\"https:\/\/winartlogistics.com\/vi\/oversize-overweight-services\/\">D\u1ecbch V\u1ee5 H\u00e0ng Si\u00eau Tr\u01b0\u1eddng - Si\u00eau Tr\u1ecdng<\/a><\/li>\n<li id=\"menu-item-265\" class=\"menu-item menu-item-type-post_type menu-item-object-page menu-item-265\"><a href=\"https:\/\/winartlogistics.com\/vi\/project-services\/\">D\u1ecbch V\u1ee5 H\u00e0ng D\u1ef1 \u00c1n<\/a><\/li>\n<li id=\"menu-item-272\" class=\"menu-item menu-item-type-post_type menu-item-object-page menu-item-272\"><a href=\"https:\/\/winartlogistics.com\/vi\/rail-services\/\">D\u1ecbch V\u1ee5 V\u1eadn T\u1ea3i \u0110\u01b0\u1eddng S\u1eaft<\/a><\/li>\n<li id=\"menu-item-283\" class=\"menu-item menu-item-type-post_type menu-item-object-page menu-item-283\"><a href=\"https:\/\/winartlogistics.com\/vi\/truck-services\/\">D\u1ecbch V\u1ee5 V\u1eadn T\u1ea3i N\u1ed9i \u0110\u1ecba<\/a><\/li>\n<li id=\"menu-item-289\" class=\"menu-item menu-item-type-post_type menu-item-object-page menu-item-289\"><a href=\"https:\/\/winartlogistics.com\/vi\/customs-services\/\">D\u1ecbch V\u1ee5 Khai Thu\u00ea H\u1ea3i Quan<\/a><\/li>\n<\/ul><\/div><\/aside><aside id=\"custom_html-5\" class=\"widget_text widget widget_custom_html\"><div class=\"textwidget custom-html-widget\"><!-- 7ac1ca6d12f9f2785371c18cd11c1fe6 --><\/div><\/aside><\/ul>\n\n\n\t\t<\/div>\n\t\t\t\t\t<\/div>\n\n\t\n\n\n<style>\n#row-2130063048 > .col > .col-inner {\n  padding: 0px 0px 0px 0px;\n}\n<\/style>\n<\/div>\n\n\t\t<\/div>\n\n\t\t\n<style>\n#section_1622821546 {\n  padding-top: 30px;\n  padding-bottom: 30px;\n}\n#section_1622821546 .ux-shape-divider--top svg {\n  height: 150px;\n  --divider-top-width: 100%;\n}\n#section_1622821546 .ux-shape-divider--bottom svg {\n  height: 150px;\n  --divider-width: 100%;\n}\n<\/style>\n\t<\/section>","protected":false},"excerpt":{"rendered":"","protected":false},"author":1,"featured_media":0,"parent":0,"menu_order":0,"comment_status":"closed","ping_status":"closed","template":"page-blank.php","meta":{"footnotes":""},"class_list":["post-228","page","type-page","status-publish","hentry"],"yoast_head":"<!-- This site is optimized with the Yoast SEO plugin v19.11 - https:\/\/yoast.com\/wordpress\/plugins\/seo\/ -->\n<title>Consolidation - Win Art Logictics<\/title>\n<meta name=\"robots\" content=\"index, follow, max-snippet:-1, max-image-preview:large, max-video-preview:-1\" \/>\n<link rel=\"canonical\" href=\"https:\/\/winartlogistics.com\/vi\/consolidation\/\" \/>\n<meta property=\"og:locale\" content=\"vi_VN\" \/>\n<meta property=\"og:type\" content=\"article\" \/>\n<meta property=\"og:title\" content=\"Consolidation - Win Art Logictics\" \/>\n<meta property=\"og:url\" content=\"https:\/\/winartlogistics.com\/vi\/consolidation\/\" \/>\n<meta property=\"og:site_name\" content=\"Win Art Logictics\" \/>\n<meta property=\"article:modified_time\" content=\"2023-05-08T02:09:20+00:00\" \/>\n<meta name=\"twitter:card\" content=\"summary_large_image\" \/>\n<script type=\"application\/ld+json\" class=\"yoast-schema-graph\">{\"@context\":\"https:\/\/schema.org\",\"@graph\":[{\"@type\":\"WebPage\",\"@id\":\"https:\/\/winartlogistics.com\/consolidation\/\",\"url\":\"https:\/\/winartlogistics.com\/consolidation\/\",\"name\":\"Consolidation - Win Art Logictics\",\"isPartOf\":{\"@id\":\"https:\/\/winartlogistics.com\/#website\"},\"datePublished\":\"2022-12-11T15:55:14+00:00\",\"dateModified\":\"2023-05-08T02:09:20+00:00\",\"breadcrumb\":{\"@id\":\"https:\/\/winartlogistics.com\/consolidation\/#breadcrumb\"},\"inLanguage\":\"vi\",\"potentialAction\":[{\"@type\":\"ReadAction\",\"target\":[\"https:\/\/winartlogistics.com\/consolidation\/\"]}]},{\"@type\":\"BreadcrumbList\",\"@id\":\"https:\/\/winartlogistics.com\/consolidation\/#breadcrumb\",\"itemListElement\":[{\"@type\":\"ListItem\",\"position\":1,\"name\":\"Home\",\"item\":\"https:\/\/winartlogistics.com\/\"},{\"@type\":\"ListItem\",\"position\":2,\"name\":\"Consolidation\"}]},{\"@type\":\"WebSite\",\"@id\":\"https:\/\/winartlogistics.com\/#website\",\"url\":\"https:\/\/winartlogistics.com\/\",\"name\":\"Win Art Logictics\",\"description\":\"\",\"potentialAction\":[{\"@type\":\"SearchAction\",\"target\":{\"@type\":\"EntryPoint\",\"urlTemplate\":\"https:\/\/winartlogistics.com\/?s={search_term_string}\"},\"query-input\":\"required name=search_term_string\"}],\"inLanguage\":\"vi\"}]}<\/script>\n<!-- \/ Yoast SEO plugin. -->","yoast_head_json":{"title":"Consolidation - Win Art Logictics","robots":{"index":"index","follow":"follow","max-snippet":"max-snippet:-1","max-image-preview":"max-image-preview:large","max-video-preview":"max-video-preview:-1"},"canonical":"https:\/\/winartlogistics.com\/vi\/consolidation\/","og_locale":"vi_VN","og_type":"article","og_title":"Consolidation - Win Art Logictics","og_url":"https:\/\/winartlogistics.com\/vi\/consolidation\/","og_site_name":"Win Art Logictics","article_modified_time":"2023-05-08T02:09:20+00:00","twitter_card":"summary_large_image","schema":{"@context":"https:\/\/schema.org","@graph":[{"@type":"WebPage","@id":"https:\/\/winartlogistics.com\/consolidation\/","url":"https:\/\/winartlogistics.com\/consolidation\/","name":"Consolidation - Win Art Logictics","isPartOf":{"@id":"https:\/\/winartlogistics.com\/#website"},"datePublished":"2022-12-11T15:55:14+00:00","dateModified":"2023-05-08T02:09:20+00:00","breadcrumb":{"@id":"https:\/\/winartlogistics.com\/consolidation\/#breadcrumb"},"inLanguage":"vi","potentialAction":[{"@type":"ReadAction","target":["https:\/\/winartlogistics.com\/consolidation\/"]}]},{"@type":"BreadcrumbList","@id":"https:\/\/winartlogistics.com\/consolidation\/#breadcrumb","itemListElement":[{"@type":"ListItem","position":1,"name":"Home","item":"https:\/\/winartlogistics.com\/"},{"@type":"ListItem","position":2,"name":"Consolidation"}]},{"@type":"WebSite","@id":"https:\/\/winartlogistics.com\/#website","url":"https:\/\/winartlogistics.com\/","name":"Win Art Logictics","description":"","potentialAction":[{"@type":"SearchAction","target":{"@type":"EntryPoint","urlTemplate":"https:\/\/winartlogistics.com\/?s={search_term_string}"},"query-input":"required name=search_term_string"}],"inLanguage":"vi"}]}},"_links":{"self":[{"href":"https:\/\/winartlogistics.com\/vi\/wp-json\/wp\/v2\/pages\/228"}],"collection":[{"href":"https:\/\/winartlogistics.com\/vi\/wp-json\/wp\/v2\/pages"}],"about":[{"href":"https:\/\/winartlogistics.com\/vi\/wp-json\/wp\/v2\/types\/page"}],"author":[{"embeddable":true,"href":"https:\/\/winartlogistics.com\/vi\/wp-json\/wp\/v2\/users\/1"}],"replies":[{"embeddable":true,"href":"https:\/\/winartlogistics.com\/vi\/wp-json\/wp\/v2\/comments?post=228"}],"version-history":[{"count":10,"href":"https:\/\/winartlogistics.com\/vi\/wp-json\/wp\/v2\/pages\/228\/revisions"}],"predecessor-version":[{"id":1011,"href":"https:\/\/winartlogistics.com\/vi\/wp-json\/wp\/v2\/pages\/228\/revisions\/1011"}],"wp:attachment":[{"href":"https:\/\/winartlogistics.com\/vi\/wp-json\/wp\/v2\/media?parent=228"}],"curies":[{"name":"wp","href":"https:\/\/api.w.org\/{rel}","templated":true}]}}