{"id":207,"date":"2022-12-11T15:13:43","date_gmt":"2022-12-11T15:13:43","guid":{"rendered":"https:\/\/winartlogistics.com\/?page_id=207"},"modified":"2023-05-07T09:09:28","modified_gmt":"2023-05-07T09:09:28","slug":"ocean-freight-service","status":"publish","type":"page","link":"https:\/\/winartlogistics.com\/vi\/ocean-freight-service\/","title":{"rendered":"D\u1ecbch V\u1ee5 V\u1eadn T\u1ea3i \u0110\u01b0\u1eddng Bi\u1ec3n"},"content":{"rendered":"<section class=\"section\" id=\"section_1651417794\">\n\t\t<div class=\"bg section-bg fill bg-fill  bg-loaded\" >\n\n\t\t\t\n\t\t\t\n\t\t\t\n\n\t\t<\/div>\n\n\t\t\n\n\t\t<div class=\"section-content relative\">\n\t\t\t\n\n\t<div class=\"img has-hover x md-x lg-x y md-y lg-y\" id=\"image_1771188937\">\n\t\t\t\t\t\t\t\t<div class=\"img-inner image-cover dark\" style=\"padding-top:56.25%;\">\n\t\t\t<img loading=\"lazy\" decoding=\"async\" width=\"1020\" height=\"574\" src=\"https:\/\/winartlogistics.com\/wp-content\/uploads\/2023\/05\/winart_ocean_frieght_service-1024x576.jpg\" class=\"attachment-large size-large\" alt=\"\" srcset=\"https:\/\/winartlogistics.com\/wp-content\/uploads\/2023\/05\/winart_ocean_frieght_service-1024x576.jpg 1024w, https:\/\/winartlogistics.com\/wp-content\/uploads\/2023\/05\/winart_ocean_frieght_service-300x169.jpg 300w, https:\/\/winartlogistics.com\/wp-content\/uploads\/2023\/05\/winart_ocean_frieght_service-768x432.jpg 768w, https:\/\/winartlogistics.com\/wp-content\/uploads\/2023\/05\/winart_ocean_frieght_service-1536x864.jpg 1536w, https:\/\/winartlogistics.com\/wp-content\/uploads\/2023\/05\/winart_ocean_frieght_service-18x10.jpg 18w, https:\/\/winartlogistics.com\/wp-content\/uploads\/2023\/05\/winart_ocean_frieght_service-600x338.jpg 600w, https:\/\/winartlogistics.com\/wp-content\/uploads\/2023\/05\/winart_ocean_frieght_service.jpg 1920w\" sizes=\"(max-width: 1020px) 100vw, 1020px\" \/>\t\t\t\t\t\t\n\t\t\t\t\t<\/div>\n\t\t\t\t\t\t\t\t\n<style>\n#image_1771188937 {\n  width: 100%;\n}\n<\/style>\n\t<\/div>\n\t\n\n<div class=\"row\"  id=\"row-2035192914\">\n\n\n\t<div id=\"col-1493888927\" class=\"col small-12 large-12\"  >\n\t\t\t\t<div class=\"col-inner\"  >\n\t\t\t\n\t\t\t\n\n  <div id=\"page-header-270594695\" class=\"page-header-wrapper\">\n  <div class=\"page-title light simple-title\">\n\n    \n    <div class=\"page-title-inner container align-center text-center flex-row-col medium-flex-wrap\" >\n              <div class=\"title-wrapper flex-col\">\n          <h1 class=\"entry-title mb-0\">\n            D\u1ecbch V\u1ee5 V\u1eadn T\u1ea3i \u0110\u01b0\u1eddng Bi\u1ec3n          <\/h1>\n        <\/div>\n                    <div class=\"title-content flex-col\">\n        <div class=\"title-breadcrumbs pb-half pt-half\"><nav class=\"woocommerce-breadcrumb breadcrumbs uppercase\" data-no-translation=\"\" data-trp-gettext=\"\">Trang ch\u1ee7<\/nav><\/div>      <\/div>\n    <\/div>\n\n       <\/div>\n    <\/div>\n  \n\n\n\t\t<\/div>\n\t\t\t\t\t<\/div>\n\n\t\n\n\n<style>\n#row-2035192914 > .col > .col-inner {\n  padding: 20px 0px 0px 0px;\n}\n<\/style>\n<\/div>\n\n\t\t<\/div>\n\n\t\t\n<style>\n#section_1651417794 {\n  padding-top: 0px;\n  padding-bottom: 0px;\n}\n#section_1651417794 .ux-shape-divider--top svg {\n  height: 150px;\n  --divider-top-width: 100%;\n}\n#section_1651417794 .ux-shape-divider--bottom svg {\n  height: 150px;\n  --divider-width: 100%;\n}\n<\/style>\n\t<\/section>\n\t\n\t<section class=\"section\" id=\"section_1150502294\">\n\t\t<div class=\"bg section-bg fill bg-fill  bg-loaded\" >\n\n\t\t\t\n\t\t\t\n\t\t\t\n\n\t\t<\/div>\n\n\t\t\n\n\t\t<div class=\"section-content relative\">\n\t\t\t\n\n<div class=\"row row-large\"  id=\"row-180028561\">\n\n\n\t<div id=\"col-1152714718\" class=\"col medium-9 small-12 large-9\"  >\n\t\t\t\t<div class=\"col-inner\"  >\n\t\t\t\n\t\t\t\n\n<p>V\u1eadn chuy\u1ec3n \u0111\u01b0\u1eddng bi\u1ec3n l\u00e0 m\u1ed9t ph\u1ea7n kh\u00f4ng th\u1ec3 t\u00e1ch r\u1eddi c\u1ee7a th\u01b0\u01a1ng m\u1ea1i to\u00e0n c\u1ea7u. C\u00e1c gi\u1ea3i ph\u00e1p v\u1eadn chuy\u1ec3n h\u00e0ng h\u1ea3i c\u1ee7a ch\u00fang t\u00f4i \u0111\u01b0\u1ee3c h\u1ed7 tr\u1ee3 b\u1edfi m\u1ed9t \u0111\u1ed9i ng\u0169 nh\u00e2n vi\u00ean kinh nghi\u1ec7m, \u0111\u1eb7c bi\u1ec7t d\u1ecbch v\u1ee5 v\u1eadn t\u1ea3i \u0111\u01b0\u1eddng bi\u1ec3n c\u1ee7a ch\u00fang t\u00f4i \u0111\u01b0\u1ee3c ph\u1ee7 s\u00f3ng kh\u1eafp Vi\u1ec7t Nam v\u00e0 th\u1ebf gi\u1edbi.<\/p>\n<p>L\u00e0 m\u1ed9t l\u1ee3i \u00edch b\u1ed5 sung cho kh\u00e1ch h\u00e0ng Logistics, d\u1ecbch v\u1ee5 v\u1eadn t\u1ea3i container t\u1eeb c\u1ea3ng \u0111\u1ebfn c\u1eeda (port to door) c\u1ee7a ch\u00fang t\u00f4i \u0111\u1ea3m b\u1ea3o vi\u1ec7c v\u1eadn chuy\u1ec3n h\u00e0ng ho\u00e1 n\u1eb1m trong s\u1ef1 ki\u1ec3m so\u00e1t nh\u1eb1m mang l\u1ea1i ni\u1ec1m tin cho kh\u00e1ch h\u00e0ng.<\/p>\n<p>WIN ART c\u00f3 th\u1ec3 x\u1eed l\u00fd t\u1ea5t c\u1ea3 c\u00e1c y\u00eau c\u1ea7u v\u1ec1 v\u1eadn chuy\u1ec3n \u0111\u01b0\u1eddng bi\u1ec3n c\u1ee7a qu\u00fd kh\u00e1ch. Ch\u00fang t\u00f4i cung c\u1ea5p c\u00e1c d\u1ecbch v\u1ee5 \u0111a d\u1ea1ng. M\u1ea1ng l\u01b0\u1edbi to\u00e0n c\u1ea7u c\u1ee7a ch\u00fang t\u00f4i cung c\u1ea5p cho qu\u00fd kh\u00e1ch gi\u1ea3i ph\u00e1p to\u00e0n di\u1ec7n v\u1ec1 v\u1eadn t\u1ea3i v\u00e0 ph\u00e2n ph\u1ed1i tr\u00ean to\u00e0n th\u1ebf gi\u1edbi. Ch\u00fang t\u00f4i c\u00f3 c\u00e1c l\u1ef1a ch\u1ecdn v\u1ec1 nh\u1eefng tuy\u1ebfn tr\u1ef1c ti\u1ebfp ho\u1eb7c chuy\u1ec3n t\u1ea3i.<\/p>\n<ul>\n<li>Nh\u1eadn h\u00e0ng, \u0111\u00f3ng g\u00f3i v\u00e0 bao b\u00ec<\/li>\n<li>V\u1eadn chuy\u1ec3n h\u00e0ng l\u1ebb, h\u00e0ng nguy\u00ean cont v\u00e0 m\u1ecdi lo\u1ea1i h\u00e0ng<\/li>\n<li>D\u1ecbch v\u1ee5 DOOR TO DOOR (t\u1eeb c\u1eeda \u0111\u1ebfn c\u1eeda)<\/li>\n<li>L\u00e0m h\u00e0ng t\u1ea1i c\u1ea3ng v\u00e0 v\u1eadn chuy\u1ec3n n\u1ed9i \u0111\u1ecba<\/li>\n<li>C\u00e1c lo\u1ea1i h\u00e0ng d\u1ef1 \u00e1n<\/li>\n<li>H\u00e0ng th\u01b0\u1eddng v\u00e0 h\u00e0ng mau h\u1ecfng<\/li>\n<li>Nh\u1eefng d\u1ecbch v\u1ee5 c\u1ee7a nh\u00e0 th\u1ea7u v\u1eadn chuy\u1ec3n h\u00e0ng l\u1ebb, h\u00e0ng nguy hi\u1ec3m<\/li>\n<li>\u1ee6y th\u00e1c th\u01b0 t\u00edn d\u1ee5ng<\/li>\n<li>L\u01b0u kho ng\u1eafn h\u1ea1n v\u00e0 d\u00e0i h\u1ea1n<\/li>\n<\/ul>\n\n\t\t<\/div>\n\t\t\t\t\t<\/div>\n\n\t\n\n\t<div id=\"col-1257348509\" class=\"col medium-3 small-12 large-3\"  >\n\t\t\t\t<div class=\"col-inner\"  >\n\t\t\t\n\t\t\t\n\n<ul class=\"sidebar-wrapper ul-reset widgets-boxed\"><aside id=\"nav_menu-3\" class=\"widget widget_nav_menu\"><div class=\"menu-service-menu-container\"><ul id=\"menu-service-menu\" class=\"menu\"><li id=\"menu-item-212\" class=\"menu-item menu-item-type-post_type menu-item-object-page menu-item-has-children menu-item-212\"><a href=\"https:\/\/winartlogistics.com\/vi\/ocean-freight-service\/\">D\u1ecbch V\u1ee5 V\u1eadn T\u1ea3i \u0110\u01b0\u1eddng Bi\u1ec3n<\/a>\n<ul class=\"sub-menu\">\n\t<li id=\"menu-item-227\" class=\"menu-item menu-item-type-post_type menu-item-object-page menu-item-227\"><a href=\"https:\/\/winartlogistics.com\/vi\/lcl\/\">D\u1ecbch V\u1ee5 H\u00e0ng L\u1ebb<\/a><\/li>\n\t<li id=\"menu-item-226\" class=\"menu-item menu-item-type-post_type menu-item-object-page menu-item-226\"><a href=\"https:\/\/winartlogistics.com\/vi\/fcl\/\">D\u1ecbch V\u1ee5 H\u00e0ng Nguy\u00ean Container<\/a><\/li>\n\t<li id=\"menu-item-244\" class=\"menu-item menu-item-type-post_type menu-item-object-page menu-item-244\"><a href=\"https:\/\/winartlogistics.com\/vi\/consolidation\/\">D\u1ecbch V\u1ee5 \u0110\u00f3ng H\u00e0ng Consol<\/a><\/li>\n<\/ul>\n<\/li>\n<li id=\"menu-item-243\" class=\"menu-item menu-item-type-post_type menu-item-object-page menu-item-243\"><a href=\"https:\/\/winartlogistics.com\/vi\/air-freight-services\/\">D\u1ecbch V\u1ee5 V\u1eadn T\u1ea3i H\u00e0ng Kh\u00f4ng<\/a><\/li>\n<li id=\"menu-item-257\" class=\"menu-item menu-item-type-post_type menu-item-object-page menu-item-257\"><a href=\"https:\/\/winartlogistics.com\/vi\/express-services\/\">D\u1ecbch V\u1ee5 Chuy\u1ec3n Ph\u00e1t Nhanh<\/a><\/li>\n<li id=\"menu-item-256\" class=\"menu-item menu-item-type-post_type menu-item-object-page menu-item-256\"><a href=\"https:\/\/winartlogistics.com\/vi\/oversize-overweight-services\/\">D\u1ecbch V\u1ee5 H\u00e0ng Si\u00eau Tr\u01b0\u1eddng - Si\u00eau Tr\u1ecdng<\/a><\/li>\n<li id=\"menu-item-265\" class=\"menu-item menu-item-type-post_type menu-item-object-page menu-item-265\"><a href=\"https:\/\/winartlogistics.com\/vi\/project-services\/\">D\u1ecbch V\u1ee5 H\u00e0ng D\u1ef1 \u00c1n<\/a><\/li>\n<li id=\"menu-item-272\" class=\"menu-item menu-item-type-post_type menu-item-object-page menu-item-272\"><a href=\"https:\/\/winartlogistics.com\/vi\/rail-services\/\">D\u1ecbch V\u1ee5 V\u1eadn T\u1ea3i \u0110\u01b0\u1eddng S\u1eaft<\/a><\/li>\n<li id=\"menu-item-283\" class=\"menu-item menu-item-type-post_type menu-item-object-page menu-item-283\"><a href=\"https:\/\/winartlogistics.com\/vi\/truck-services\/\">D\u1ecbch V\u1ee5 V\u1eadn T\u1ea3i N\u1ed9i \u0110\u1ecba<\/a><\/li>\n<li id=\"menu-item-289\" class=\"menu-item menu-item-type-post_type menu-item-object-page menu-item-289\"><a href=\"https:\/\/winartlogistics.com\/vi\/customs-services\/\">D\u1ecbch V\u1ee5 Khai Thu\u00ea H\u1ea3i Quan<\/a><\/li>\n<\/ul><\/div><\/aside><aside id=\"custom_html-5\" class=\"widget_text widget widget_custom_html\"><div class=\"textwidget custom-html-widget\"><!-- 7ac1ca6d12f9f2785371c18cd11c1fe6 --><\/div><\/aside><\/ul>\n\n\n\t\t<\/div>\n\t\t\t\t\t<\/div>\n\n\t\n\n<\/div>\n\n\t\t<\/div>\n\n\t\t\n<style>\n#section_1150502294 {\n  padding-top: 30px;\n  padding-bottom: 30px;\n}\n#section_1150502294 .ux-shape-divider--top svg {\n  height: 150px;\n  --divider-top-width: 100%;\n}\n#section_1150502294 .ux-shape-divider--bottom svg {\n  height: 150px;\n  --divider-width: 100%;\n}\n<\/style>\n\t<\/section>","protected":false},"excerpt":{"rendered":"","protected":false},"author":1,"featured_media":0,"parent":0,"menu_order":0,"comment_status":"closed","ping_status":"closed","template":"page-blank.php","meta":{"footnotes":""},"class_list":["post-207","page","type-page","status-publish","hentry"],"yoast_head":"<!-- This site is optimized with the Yoast SEO plugin v19.11 - https:\/\/yoast.com\/wordpress\/plugins\/seo\/ -->\n<title>Ocean Freight Service - Win Art Logictics<\/title>\n<meta name=\"robots\" content=\"index, follow, max-snippet:-1, max-image-preview:large, max-video-preview:-1\" \/>\n<link rel=\"canonical\" href=\"https:\/\/winartlogistics.com\/vi\/ocean-freight-service\/\" \/>\n<meta property=\"og:locale\" content=\"vi_VN\" \/>\n<meta property=\"og:type\" content=\"article\" \/>\n<meta property=\"og:title\" content=\"Ocean Freight Service - Win Art Logictics\" \/>\n<meta property=\"og:url\" content=\"https:\/\/winartlogistics.com\/vi\/ocean-freight-service\/\" \/>\n<meta property=\"og:site_name\" content=\"Win Art Logictics\" \/>\n<meta property=\"article:modified_time\" content=\"2023-05-07T09:09:28+00:00\" \/>\n<meta name=\"twitter:card\" content=\"summary_large_image\" \/>\n<meta name=\"twitter:label1\" content=\"\u01af\u1edbc t\u00ednh th\u1eddi gian \u0111\u1ecdc\" \/>\n\t<meta name=\"twitter:data1\" content=\"1 ph\u00fat\" \/>\n<script type=\"application\/ld+json\" class=\"yoast-schema-graph\">{\"@context\":\"https:\/\/schema.org\",\"@graph\":[{\"@type\":\"WebPage\",\"@id\":\"https:\/\/winartlogistics.com\/ocean-freight-service\/\",\"url\":\"https:\/\/winartlogistics.com\/ocean-freight-service\/\",\"name\":\"Ocean Freight Service - Win Art Logictics\",\"isPartOf\":{\"@id\":\"https:\/\/winartlogistics.com\/#website\"},\"datePublished\":\"2022-12-11T15:13:43+00:00\",\"dateModified\":\"2023-05-07T09:09:28+00:00\",\"breadcrumb\":{\"@id\":\"https:\/\/winartlogistics.com\/ocean-freight-service\/#breadcrumb\"},\"inLanguage\":\"vi\",\"potentialAction\":[{\"@type\":\"ReadAction\",\"target\":[\"https:\/\/winartlogistics.com\/ocean-freight-service\/\"]}]},{\"@type\":\"BreadcrumbList\",\"@id\":\"https:\/\/winartlogistics.com\/ocean-freight-service\/#breadcrumb\",\"itemListElement\":[{\"@type\":\"ListItem\",\"position\":1,\"name\":\"Home\",\"item\":\"https:\/\/winartlogistics.com\/\"},{\"@type\":\"ListItem\",\"position\":2,\"name\":\"Ocean Freight Service\"}]},{\"@type\":\"WebSite\",\"@id\":\"https:\/\/winartlogistics.com\/#website\",\"url\":\"https:\/\/winartlogistics.com\/\",\"name\":\"Win Art Logictics\",\"description\":\"\",\"potentialAction\":[{\"@type\":\"SearchAction\",\"target\":{\"@type\":\"EntryPoint\",\"urlTemplate\":\"https:\/\/winartlogistics.com\/?s={search_term_string}\"},\"query-input\":\"required name=search_term_string\"}],\"inLanguage\":\"vi\"}]}<\/script>\n<!-- \/ Yoast SEO plugin. -->","yoast_head_json":{"title":"Ocean Freight Service - Win Art Logictics","robots":{"index":"index","follow":"follow","max-snippet":"max-snippet:-1","max-image-preview":"max-image-preview:large","max-video-preview":"max-video-preview:-1"},"canonical":"https:\/\/winartlogistics.com\/vi\/ocean-freight-service\/","og_locale":"vi_VN","og_type":"article","og_title":"Ocean Freight Service - Win Art Logictics","og_url":"https:\/\/winartlogistics.com\/vi\/ocean-freight-service\/","og_site_name":"Win Art Logictics","article_modified_time":"2023-05-07T09:09:28+00:00","twitter_card":"summary_large_image","twitter_misc":{"\u01af\u1edbc t\u00ednh th\u1eddi gian \u0111\u1ecdc":"1 ph\u00fat"},"schema":{"@context":"https:\/\/schema.org","@graph":[{"@type":"WebPage","@id":"https:\/\/winartlogistics.com\/ocean-freight-service\/","url":"https:\/\/winartlogistics.com\/ocean-freight-service\/","name":"Ocean Freight Service - Win Art Logictics","isPartOf":{"@id":"https:\/\/winartlogistics.com\/#website"},"datePublished":"2022-12-11T15:13:43+00:00","dateModified":"2023-05-07T09:09:28+00:00","breadcrumb":{"@id":"https:\/\/winartlogistics.com\/ocean-freight-service\/#breadcrumb"},"inLanguage":"vi","potentialAction":[{"@type":"ReadAction","target":["https:\/\/winartlogistics.com\/ocean-freight-service\/"]}]},{"@type":"BreadcrumbList","@id":"https:\/\/winartlogistics.com\/ocean-freight-service\/#breadcrumb","itemListElement":[{"@type":"ListItem","position":1,"name":"Home","item":"https:\/\/winartlogistics.com\/"},{"@type":"ListItem","position":2,"name":"Ocean Freight Service"}]},{"@type":"WebSite","@id":"https:\/\/winartlogistics.com\/#website","url":"https:\/\/winartlogistics.com\/","name":"Win Art Logictics","description":"","potentialAction":[{"@type":"SearchAction","target":{"@type":"EntryPoint","urlTemplate":"https:\/\/winartlogistics.com\/?s={search_term_string}"},"query-input":"required name=search_term_string"}],"inLanguage":"vi"}]}},"_links":{"self":[{"href":"https:\/\/winartlogistics.com\/vi\/wp-json\/wp\/v2\/pages\/207"}],"collection":[{"href":"https:\/\/winartlogistics.com\/vi\/wp-json\/wp\/v2\/pages"}],"about":[{"href":"https:\/\/winartlogistics.com\/vi\/wp-json\/wp\/v2\/types\/page"}],"author":[{"embeddable":true,"href":"https:\/\/winartlogistics.com\/vi\/wp-json\/wp\/v2\/users\/1"}],"replies":[{"embeddable":true,"href":"https:\/\/winartlogistics.com\/vi\/wp-json\/wp\/v2\/comments?post=207"}],"version-history":[{"count":11,"href":"https:\/\/winartlogistics.com\/vi\/wp-json\/wp\/v2\/pages\/207\/revisions"}],"predecessor-version":[{"id":995,"href":"https:\/\/winartlogistics.com\/vi\/wp-json\/wp\/v2\/pages\/207\/revisions\/995"}],"wp:attachment":[{"href":"https:\/\/winartlogistics.com\/vi\/wp-json\/wp\/v2\/media?parent=207"}],"curies":[{"name":"wp","href":"https:\/\/api.w.org\/{rel}","templated":true}]}}