{"id":150,"date":"2022-12-10T10:24:00","date_gmt":"2022-12-10T10:24:00","guid":{"rendered":"https:\/\/winartlogistics.com\/?page_id=150"},"modified":"2023-05-07T09:14:54","modified_gmt":"2023-05-07T09:14:54","slug":"about-us","status":"publish","type":"page","link":"https:\/\/winartlogistics.com\/vi\/about-us\/","title":{"rendered":"V\u1ec1 Ch\u00fang T\u00f4i"},"content":{"rendered":"<section class=\"section\" id=\"section_364546651\">\n\t\t<div class=\"bg section-bg fill bg-fill  bg-loaded\" >\n\n\t\t\t\n\t\t\t\n\t\t\t\n\n\t\t<\/div>\n\n\t\t\n\n\t\t<div class=\"section-content relative\">\n\t\t\t\n\n\t<div class=\"img has-hover x md-x lg-x y md-y lg-y\" id=\"image_1493797703\">\n\t\t\t\t\t\t<div data-animate=\"fadeInUp\">\t\t<div class=\"img-inner image-cover dark\" style=\"padding-top:56.25%;\">\n\t\t\t<img loading=\"lazy\" decoding=\"async\" width=\"2560\" height=\"1319\" src=\"https:\/\/winartlogistics.com\/wp-content\/uploads\/2023\/02\/ABOUT-US-scaled.jpeg\" class=\"attachment-original size-original\" alt=\"\" srcset=\"https:\/\/winartlogistics.com\/wp-content\/uploads\/2023\/02\/ABOUT-US-scaled.jpeg 2560w, https:\/\/winartlogistics.com\/wp-content\/uploads\/2023\/02\/ABOUT-US-300x155.jpeg 300w, https:\/\/winartlogistics.com\/wp-content\/uploads\/2023\/02\/ABOUT-US-1024x528.jpeg 1024w, https:\/\/winartlogistics.com\/wp-content\/uploads\/2023\/02\/ABOUT-US-768x396.jpeg 768w, https:\/\/winartlogistics.com\/wp-content\/uploads\/2023\/02\/ABOUT-US-1536x791.jpeg 1536w, https:\/\/winartlogistics.com\/wp-content\/uploads\/2023\/02\/ABOUT-US-2048x1055.jpeg 2048w, https:\/\/winartlogistics.com\/wp-content\/uploads\/2023\/02\/ABOUT-US-18x9.jpeg 18w, https:\/\/winartlogistics.com\/wp-content\/uploads\/2023\/02\/ABOUT-US-600x309.jpeg 600w\" sizes=\"(max-width: 2560px) 100vw, 2560px\" \/>\t\t\t\t\t\t\n\t\t\t\t\t<\/div>\n\t\t<\/div>\t\t\t\t\t\t\n<style>\n#image_1493797703 {\n  width: 100%;\n}\n<\/style>\n\t<\/div>\n\t\n\n  <div id=\"page-header-1100408734\" class=\"page-header-wrapper\">\n  <div class=\"page-title light simple-title\">\n\n    \n    <div class=\"page-title-inner container align-center text-center flex-row-col medium-flex-wrap\" >\n              <div class=\"title-wrapper flex-col\">\n          <h1 class=\"entry-title mb-0\">\n            V\u1ec1 Ch\u00fang T\u00f4i          <\/h1>\n        <\/div>\n                    <div class=\"title-content flex-col\">\n        <div class=\"title-breadcrumbs pb-half pt-half\"><nav class=\"woocommerce-breadcrumb breadcrumbs uppercase\" data-no-translation=\"\" data-trp-gettext=\"\">Trang ch\u1ee7<\/nav><\/div>      <\/div>\n    <\/div>\n\n       <\/div>\n    <\/div>\n  \n\n\n\t\t<\/div>\n\n\t\t\n<style>\n#section_364546651 {\n  padding-top: 0px;\n  padding-bottom: 0px;\n}\n#section_364546651 .ux-shape-divider--top svg {\n  height: 150px;\n  --divider-top-width: 100%;\n}\n#section_364546651 .ux-shape-divider--bottom svg {\n  height: 150px;\n  --divider-width: 100%;\n}\n<\/style>\n\t<\/section>\n\t\n\t<section class=\"section\" id=\"section_1418934271\">\n\t\t<div class=\"bg section-bg fill bg-fill  bg-loaded\" >\n\n\t\t\t\n\t\t\t\n\t\t\t\n\n\t\t<\/div>\n\n\t\t\n\n\t\t<div class=\"section-content relative\">\n\t\t\t\n\n<div class=\"row\"  id=\"row-32491195\">\n\n\n\t<div id=\"col-1117409716\" class=\"col medium-3 small-12 large-3\"  >\n\t\t\t\t<div class=\"col-inner\"  >\n\t\t\t\n\t\t\t\n\n<ul class=\"sidebar-wrapper ul-reset widgets-boxed\"><aside id=\"nav_menu-2\" class=\"widget widget_nav_menu\"><div class=\"menu-about-us-container\"><ul id=\"menu-about-us\" class=\"menu\"><li id=\"menu-item-172\" class=\"menu-item menu-item-type-post_type menu-item-object-page menu-item-172\"><a href=\"https:\/\/winartlogistics.com\/vi\/about-us\/\">V\u1ec1 Ch\u00fang T\u00f4i<\/a><\/li>\n<li id=\"menu-item-171\" class=\"menu-item menu-item-type-post_type menu-item-object-page menu-item-171\"><a href=\"https:\/\/winartlogistics.com\/vi\/history\/\">L\u1ecbch S\u1eed H\u00ecnh Th\u00e0nh<\/a><\/li>\n<li id=\"menu-item-578\" class=\"menu-item menu-item-type-post_type menu-item-object-page menu-item-578\"><a href=\"https:\/\/winartlogistics.com\/vi\/certificate\/\">Danh D\u1ef1 &amp; Gi\u1ea5y Ch\u1ee9ng Nh\u1eadn<\/a><\/li>\n<\/ul><\/div><\/aside><aside id=\"custom_html-6\" class=\"widget_text widget widget_custom_html\"><div class=\"textwidget custom-html-widget\"><!-- 89dc1133201c277c9671080dae4049b1 --><\/div><\/aside><\/ul>\n\n\n\t\t<\/div>\n\t\t\t\t\t<\/div>\n\n\t\n\n\t<div id=\"col-1458980253\" class=\"col medium-9 small-12 large-9\"  >\n\t\t\t\t<div class=\"col-inner\"  >\n\t\t\t\n\t\t\t\n\n<div>\n<p>\u0110i c\u00f9ng v\u1edbi s\u1ef1 t\u0103ng tr\u01b0\u1edfng m\u1ea1nh m\u1ebd c\u1ee7a l\u0129nh v\u1ef1c th\u01b0\u01a1ng m\u1ea1i \u0111i\u1ec7n t\u1eed v\u00e0 nh\u1eefng thay \u0111\u1ed5i v\u1ec1 kinh t\u1ebf, do \u0111\u00f3 l\u0129nh v\u1ef1c giao nh\u1eadn v\u1eadn t\u1ea3i tuy kh\u00f4ng qu\u00e1 m\u1edbi m\u1ebb nh\u01b0ng \u0111\u00e3 ph\u00e1t tri\u1ec3n ng\u00e0y c\u00e0ng m\u1ea1nh m\u1ebd. Ch\u00fang t\u00f4i \u2013 Win Art Logistics \u0111\u00e3 ra \u0111\u1eddi nh\u1eb1m \u0111\u00e1p \u1ee9ng nhu c\u1ea7u v\u1eadn chuy\u1ec3n h\u00e0ng ho\u00e1 c\u1ee7a kh\u00e1ch h\u00e0ng.<\/p>\n<p>\u0110\u01b0\u1ee3c th\u00e0nh l\u1eadp v\u00e0o ng\u00e0y 07 th\u00e1ng 07 n\u0103m 2020 \u2013 m\u1ed9t ng\u00e0y r\u1ea5t may m\u1eafn. Ch\u00fang t\u00f4i \u2013 Win Art Logistics - m\u1ed9t doanh nghi\u1ec7p tr\u1ebb v\u00e0 n\u0103ng \u0111\u1ed9ng trong l\u0129nh v\u1ef1c logistics \u0111\u00e3 ph\u00e1t tri\u1ec3n m\u1ed9t c\u00e1ch r\u1ea5t m\u1ea1nh m\u1ebd v\u00e0 v\u01b0\u1ee3t tr\u1ed9i trong l\u0129nh v\u1ef1c giao nh\u1eadn v\u1eadn t\u1ea3i.<\/p>\n<p>H\u01b0\u1edbng t\u1edbi m\u1ee5c ti\u00eau \u201cB\u1ea1n c\u1ea7n - ch\u00fang t\u00f4i c\u00f3 th\u1ec3\u201d, ch\u00fang t\u00f4i - \u0111\u1ed9i ng\u0169 nh\u00e2n vi\u00ean n\u0103ng \u0111\u1ed9ng, chuy\u00ean nghi\u1ec7p v\u00e0 gi\u00e0u kinh nghi\u1ec7m s\u1ebd cung c\u1ea5p cho b\u1ea1n m\u1ed9t d\u1ecbch v\u1ee5 m\u00e0 \u0111\u1eb7t s\u1ef1 h\u00e0i l\u00f2ng c\u1ee7a kh\u00e1ch h\u00e0ng l\u00ean h\u00e0ng \u0111\u1ea7u.<\/p>\n<p>Win Art c\u00f3 tr\u1ee5 s\u1edf t\u1ea1i th\u00e0nh ph\u1ed1 H\u1ed3 Ch\u00ed Minh, v\u00e0 c\u00f3 m\u1ea1ng l\u01b0\u1edbi \u0111\u1ea1i l\u00fd to\u00e0n c\u1ea7u, \u0111\u00e1p \u1ee9ng m\u1ecdi nhu c\u1ea7u v\u1eadn chuy\u1ec3n c\u1ee7a kh\u00e1ch h\u00e0ng trong n\u01b0\u1edbc v\u00e0 qu\u1ed1c t\u1ebf. Ch\u00fang t\u00f4i v\u1eadn t\u1ea3i t\u1ea5t c\u1ea3 c\u00e1c l\u00f4 h\u00e0ng, d\u00f9 l\u1edbn hay nh\u1ecf, d\u00f9 xa hay g\u1ea7n, kh\u00f4ng gi\u1edbi h\u1ea1n v\u1ecb tr\u00ed \u0111\u1ecba l\u00fd, kh\u00f4ng gian v\u00e0 th\u1eddi gian. Ch\u00fang t\u00f4i v\u1eadn chuy\u1ec3n 2 chi\u1ec1u t\u1eeb ch\u00e2u \u00c1, \u0111\u1ebfn ch\u00e2u \u00c2u, M\u1ef9 v\u00e0 Canada, Ch\u00e2u Phi v\u00e0 ng\u01b0\u1ee3c l\u1ea1i.<\/p>\n<p><strong>D\u1ecaCH V\u1ee4 C\u1ee6A CH\u00daNG T\u00d4I G\u1ed2M:<\/strong><\/p>\n<ul>\n<li>V\u1eadn chuy\u1ec3n \u0111\u01b0\u1eddng bi\u1ec3n<\/li>\n<li>V\u1eadn chuy\u1ec3n \u0111\u01b0\u1eddng h\u00e0ng kh\u00f4ng<\/li>\n<li>V\u1eadn chuy\u1ec3n \u0111\u01b0\u1eddng b\u1ed9<\/li>\n<li>Chuy\u1ec3n ph\u00e1t nhanh<\/li>\n<li>V\u1eadn t\u1ea3i \u0111a ph\u01b0\u01a1ng th\u1ee9c<\/li>\n<li>D\u1ecbch v\u1ee5 th\u1ee7 t\u1ee5c h\u1ea3i quan<\/li>\n<\/ul>\n<p>Cung c\u1ea5p ch\u1ea5t l\u01b0\u1ee3ng d\u1ecbch v\u1ee5 ho\u00e0n ch\u1ec9nh v\u00e0 \u1edf m\u1ee9c cao nh\u1ea5t l\u00e0 th\u00e1i \u0111\u1ed9 ph\u1ee5c v\u1ee5 c\u1ee7a ch\u00fang t\u00f4i, \u0111\u00f3 l\u00e0 cam k\u1ebft c\u1ee7a Win Art Logistics \u0111\u1ed1i v\u1edbi m\u1ecdi kh\u00e1ch h\u00e0ng. \u0110\u1ec3 \u0111\u00e1p \u1ee9ng nhu c\u1ea7u c\u1ee7a kh\u00e1ch h\u00e0ng, ch\u00fang t\u00f4i ti\u1ebfp t\u1ee5c v\u00e0 kh\u00f4ng ng\u1eebng \u0111\u1ed5i m\u1edbi v\u00e0 thay \u0111\u1ed5i \u0111\u1ec3 cung c\u1ea5p c\u00e1c d\u1ecbch v\u1ee5 hi\u1ec7u qu\u1ea3, ti\u1ebft ki\u1ec7m chi ph\u00ed v\u00e0 h\u00e0i l\u00f2ng cho m\u1ecdi kh\u00e1ch h\u00e0ng. Th\u1ecfa m\u00e3n nhu c\u1ea7u c\u1ee7a kh\u00e1ch h\u00e0ng l\u00e0 s\u1ee9 m\u1ec7nh c\u1ee7a ch\u00fang t\u00f4i.<\/p>\n<\/div>\n\n\t\t<\/div>\n\t\t\t\t\t<\/div>\n\n\t\n\n<\/div>\n\n\t\t<\/div>\n\n\t\t\n<style>\n#section_1418934271 {\n  padding-top: 30px;\n  padding-bottom: 30px;\n}\n#section_1418934271 .ux-shape-divider--top svg {\n  height: 150px;\n  --divider-top-width: 100%;\n}\n#section_1418934271 .ux-shape-divider--bottom svg {\n  height: 150px;\n  --divider-width: 100%;\n}\n<\/style>\n\t<\/section>","protected":false},"excerpt":{"rendered":"","protected":false},"author":1,"featured_media":0,"parent":0,"menu_order":0,"comment_status":"closed","ping_status":"closed","template":"page-blank.php","meta":{"footnotes":""},"class_list":["post-150","page","type-page","status-publish","hentry"],"yoast_head":"<!-- This site is optimized with the Yoast SEO plugin v19.11 - https:\/\/yoast.com\/wordpress\/plugins\/seo\/ -->\n<title>About Us - Win Art Logictics<\/title>\n<meta name=\"robots\" content=\"index, follow, max-snippet:-1, max-image-preview:large, max-video-preview:-1\" \/>\n<link rel=\"canonical\" href=\"https:\/\/winartlogistics.com\/vi\/about-us\/\" \/>\n<meta property=\"og:locale\" content=\"vi_VN\" \/>\n<meta property=\"og:type\" content=\"article\" \/>\n<meta property=\"og:title\" content=\"About Us - Win Art Logictics\" \/>\n<meta property=\"og:url\" content=\"https:\/\/winartlogistics.com\/vi\/about-us\/\" \/>\n<meta property=\"og:site_name\" content=\"Win Art Logictics\" \/>\n<meta property=\"article:modified_time\" content=\"2023-05-07T09:14:54+00:00\" \/>\n<meta name=\"twitter:card\" content=\"summary_large_image\" \/>\n<meta name=\"twitter:label1\" content=\"\u01af\u1edbc t\u00ednh th\u1eddi gian \u0111\u1ecdc\" \/>\n\t<meta name=\"twitter:data1\" content=\"2 ph\u00fat\" \/>\n<script type=\"application\/ld+json\" class=\"yoast-schema-graph\">{\"@context\":\"https:\/\/schema.org\",\"@graph\":[{\"@type\":\"WebPage\",\"@id\":\"https:\/\/winartlogistics.com\/about-us\/\",\"url\":\"https:\/\/winartlogistics.com\/about-us\/\",\"name\":\"About Us - Win Art Logictics\",\"isPartOf\":{\"@id\":\"https:\/\/winartlogistics.com\/#website\"},\"datePublished\":\"2022-12-10T10:24:00+00:00\",\"dateModified\":\"2023-05-07T09:14:54+00:00\",\"breadcrumb\":{\"@id\":\"https:\/\/winartlogistics.com\/about-us\/#breadcrumb\"},\"inLanguage\":\"vi\",\"potentialAction\":[{\"@type\":\"ReadAction\",\"target\":[\"https:\/\/winartlogistics.com\/about-us\/\"]}]},{\"@type\":\"BreadcrumbList\",\"@id\":\"https:\/\/winartlogistics.com\/about-us\/#breadcrumb\",\"itemListElement\":[{\"@type\":\"ListItem\",\"position\":1,\"name\":\"Home\",\"item\":\"https:\/\/winartlogistics.com\/\"},{\"@type\":\"ListItem\",\"position\":2,\"name\":\"About Us\"}]},{\"@type\":\"WebSite\",\"@id\":\"https:\/\/winartlogistics.com\/#website\",\"url\":\"https:\/\/winartlogistics.com\/\",\"name\":\"Win Art Logictics\",\"description\":\"\",\"potentialAction\":[{\"@type\":\"SearchAction\",\"target\":{\"@type\":\"EntryPoint\",\"urlTemplate\":\"https:\/\/winartlogistics.com\/?s={search_term_string}\"},\"query-input\":\"required name=search_term_string\"}],\"inLanguage\":\"vi\"}]}<\/script>\n<!-- \/ Yoast SEO plugin. -->","yoast_head_json":{"title":"About Us - Win Art Logictics","robots":{"index":"index","follow":"follow","max-snippet":"max-snippet:-1","max-image-preview":"max-image-preview:large","max-video-preview":"max-video-preview:-1"},"canonical":"https:\/\/winartlogistics.com\/vi\/about-us\/","og_locale":"vi_VN","og_type":"article","og_title":"About Us - Win Art Logictics","og_url":"https:\/\/winartlogistics.com\/vi\/about-us\/","og_site_name":"Win Art Logictics","article_modified_time":"2023-05-07T09:14:54+00:00","twitter_card":"summary_large_image","twitter_misc":{"\u01af\u1edbc t\u00ednh th\u1eddi gian \u0111\u1ecdc":"2 ph\u00fat"},"schema":{"@context":"https:\/\/schema.org","@graph":[{"@type":"WebPage","@id":"https:\/\/winartlogistics.com\/about-us\/","url":"https:\/\/winartlogistics.com\/about-us\/","name":"About Us - Win Art Logictics","isPartOf":{"@id":"https:\/\/winartlogistics.com\/#website"},"datePublished":"2022-12-10T10:24:00+00:00","dateModified":"2023-05-07T09:14:54+00:00","breadcrumb":{"@id":"https:\/\/winartlogistics.com\/about-us\/#breadcrumb"},"inLanguage":"vi","potentialAction":[{"@type":"ReadAction","target":["https:\/\/winartlogistics.com\/about-us\/"]}]},{"@type":"BreadcrumbList","@id":"https:\/\/winartlogistics.com\/about-us\/#breadcrumb","itemListElement":[{"@type":"ListItem","position":1,"name":"Home","item":"https:\/\/winartlogistics.com\/"},{"@type":"ListItem","position":2,"name":"About Us"}]},{"@type":"WebSite","@id":"https:\/\/winartlogistics.com\/#website","url":"https:\/\/winartlogistics.com\/","name":"Win Art Logictics","description":"","potentialAction":[{"@type":"SearchAction","target":{"@type":"EntryPoint","urlTemplate":"https:\/\/winartlogistics.com\/?s={search_term_string}"},"query-input":"required name=search_term_string"}],"inLanguage":"vi"}]}},"_links":{"self":[{"href":"https:\/\/winartlogistics.com\/vi\/wp-json\/wp\/v2\/pages\/150"}],"collection":[{"href":"https:\/\/winartlogistics.com\/vi\/wp-json\/wp\/v2\/pages"}],"about":[{"href":"https:\/\/winartlogistics.com\/vi\/wp-json\/wp\/v2\/types\/page"}],"author":[{"embeddable":true,"href":"https:\/\/winartlogistics.com\/vi\/wp-json\/wp\/v2\/users\/1"}],"replies":[{"embeddable":true,"href":"https:\/\/winartlogistics.com\/vi\/wp-json\/wp\/v2\/comments?post=150"}],"version-history":[{"count":20,"href":"https:\/\/winartlogistics.com\/vi\/wp-json\/wp\/v2\/pages\/150\/revisions"}],"predecessor-version":[{"id":1002,"href":"https:\/\/winartlogistics.com\/vi\/wp-json\/wp\/v2\/pages\/150\/revisions\/1002"}],"wp:attachment":[{"href":"https:\/\/winartlogistics.com\/vi\/wp-json\/wp\/v2\/media?parent=150"}],"curies":[{"name":"wp","href":"https:\/\/api.w.org\/{rel}","templated":true}]}}